{"id":5242,"date":"2024-04-28T16:50:46","date_gmt":"2024-04-28T08:50:46","guid":{"rendered":"https:\/\/www.sinoglass.com\/?post_type=product&#038;p=5242"},"modified":"2025-01-17T08:59:48","modified_gmt":"2025-01-17T00:59:48","slug":"olive-oil-bottle-pourer","status":"publish","type":"product","link":"https:\/\/www.sinoglass.com\/fr\/product\/olive-oil-bottle-pourer\/","title":{"rendered":"Verteur de bouteilles d'huile d'olive #78892004"},"content":{"rendered":"<p>Parfois il faut beaucoup, parfois un peu. Poussez la bouteille dans un sens pour beaucoup, poussez-la dans l'autre sens pour un peu. Les doubles bec vous donnent non seulement le choix du volume et de la vitesse de versement, mais chaque bec ventile la bouteille pour un versement r\u00e9gulier.<\/p>","protected":false},"excerpt":{"rendered":"<ul>\n<li>Choix d'un ensemble qui combine deux bouteilles et un \u00e9tag\u00e8re m\u00e9tallique robuste.<\/li>\n<li>Conception double bec pour un peu ou beaucoup.<\/li>\n<li>Ventil\u00e9 automatiquement pour un versement facile.<\/li>\n<\/ul>","protected":false},"featured_media":5260,"comment_status":"open","ping_status":"closed","template":"","meta":{"_acf_changed":false},"product_brand":[],"product_cat":[69,250],"product_tag":[],"class_list":{"0":"post-5242","1":"product","2":"type-product","3":"status-publish","4":"has-post-thumbnail","6":"product_cat-oil-dispensers","7":"product_cat-oil-vinegar-dispenser","9":"first","10":"instock","11":"shipping-taxable","12":"purchasable","13":"product-type-variable"},"acf":[],"_links":{"self":[{"href":"https:\/\/www.sinoglass.com\/fr\/wp-json\/wp\/v2\/product\/5242","targetHints":{"allow":["GET"]}}],"collection":[{"href":"https:\/\/www.sinoglass.com\/fr\/wp-json\/wp\/v2\/product"}],"about":[{"href":"https:\/\/www.sinoglass.com\/fr\/wp-json\/wp\/v2\/types\/product"}],"replies":[{"embeddable":true,"href":"https:\/\/www.sinoglass.com\/fr\/wp-json\/wp\/v2\/comments?post=5242"}],"wp:featuredmedia":[{"embeddable":true,"href":"https:\/\/www.sinoglass.com\/fr\/wp-json\/wp\/v2\/media\/5260"}],"wp:attachment":[{"href":"https:\/\/www.sinoglass.com\/fr\/wp-json\/wp\/v2\/media?parent=5242"}],"wp:term":[{"taxonomy":"product_brand","embeddable":true,"href":"https:\/\/www.sinoglass.com\/fr\/wp-json\/wp\/v2\/product_brand?post=5242"},{"taxonomy":"product_cat","embeddable":true,"href":"https:\/\/www.sinoglass.com\/fr\/wp-json\/wp\/v2\/product_cat?post=5242"},{"taxonomy":"product_tag","embeddable":true,"href":"https:\/\/www.sinoglass.com\/fr\/wp-json\/wp\/v2\/product_tag?post=5242"}],"curies":[{"name":"WP","href":"https:\/\/api.w.org\/{rel}","templated":true}]}}