{"id":5201,"date":"2024-04-28T15:24:19","date_gmt":"2024-04-28T07:24:19","guid":{"rendered":"https:\/\/www.sinoglass.com\/?post_type=product&#038;p=5201"},"modified":"2025-01-17T09:02:20","modified_gmt":"2025-01-17T01:02:20","slug":"glass-oil-pourer-bottle","status":"publish","type":"product","link":"https:\/\/www.sinoglass.com\/fr\/product\/glass-oil-pourer-bottle\/","title":{"rendered":"Bouteille en silicone pour verser de l'huile en verre #88441001"},"content":{"rendered":"<p>Lorsque vous l\u2019utiliserez, vous serez \u00e9tonn\u00e9 de voir comment un produit aussi simple peut r\u00e9pondre \u00e0 tous vos besoins. La forme ronde de la bouteille est facile \u00e0 attraper, et le bouchon transparent anti-fuite assure la propret\u00e9 de l'huile et du vinaigre \u00e0 l'int\u00e9rieur. Le bec d'huile en silicone, qui est \u00e9tanche aux gouttes, peut \u00eatre facilement enlev\u00e9 pour un nettoyage pratique.<\/p>","protected":false},"excerpt":{"rendered":"<ul>\n<li>Le capuchon transparent s'accroche bien en place pour un \u00e9tanch\u00e9it\u00e9 \u00e9tanche.<\/li>\n<li>La saveur reste dedans, la salet\u00e9 reste dehors.<\/li>\n<li>Boit en silicone anti-goutte-goutte de qualit\u00e9 alimentaire.<\/li>\n<li>Conception compacte et pratique.<\/li>\n<\/ul>","protected":false},"featured_media":5203,"comment_status":"open","ping_status":"closed","template":"","meta":{"_acf_changed":false},"product_brand":[],"product_cat":[69,250],"product_tag":[],"class_list":{"0":"post-5201","1":"product","2":"type-product","3":"status-publish","4":"has-post-thumbnail","6":"product_cat-oil-dispensers","7":"product_cat-oil-vinegar-dispenser","9":"first","10":"instock","11":"shipping-taxable","12":"purchasable","13":"product-type-variable"},"acf":[],"_links":{"self":[{"href":"https:\/\/www.sinoglass.com\/fr\/wp-json\/wp\/v2\/product\/5201","targetHints":{"allow":["GET"]}}],"collection":[{"href":"https:\/\/www.sinoglass.com\/fr\/wp-json\/wp\/v2\/product"}],"about":[{"href":"https:\/\/www.sinoglass.com\/fr\/wp-json\/wp\/v2\/types\/product"}],"replies":[{"embeddable":true,"href":"https:\/\/www.sinoglass.com\/fr\/wp-json\/wp\/v2\/comments?post=5201"}],"wp:featuredmedia":[{"embeddable":true,"href":"https:\/\/www.sinoglass.com\/fr\/wp-json\/wp\/v2\/media\/5203"}],"wp:attachment":[{"href":"https:\/\/www.sinoglass.com\/fr\/wp-json\/wp\/v2\/media?parent=5201"}],"wp:term":[{"taxonomy":"product_brand","embeddable":true,"href":"https:\/\/www.sinoglass.com\/fr\/wp-json\/wp\/v2\/product_brand?post=5201"},{"taxonomy":"product_cat","embeddable":true,"href":"https:\/\/www.sinoglass.com\/fr\/wp-json\/wp\/v2\/product_cat?post=5201"},{"taxonomy":"product_tag","embeddable":true,"href":"https:\/\/www.sinoglass.com\/fr\/wp-json\/wp\/v2\/product_tag?post=5201"}],"curies":[{"name":"WP","href":"https:\/\/api.w.org\/{rel}","templated":true}]}}