{"id":5191,"date":"2024-04-28T11:37:07","date_gmt":"2024-04-28T03:37:07","guid":{"rendered":"https:\/\/www.sinoglass.com\/?post_type=product&#038;p=5191"},"modified":"2025-04-21T13:57:42","modified_gmt":"2025-04-21T05:57:42","slug":"olive-oil-and-vinegar-dispenser","status":"publish","type":"product","link":"https:\/\/www.sinoglass.com\/fr\/product\/olive-oil-and-vinegar-dispenser\/","title":{"rendered":"Distributeur d'huile d'olive et de vinaigre &#8211; \u00c9tiquette #89582011"},"content":{"rendered":"<p>Votre cuisine sera unique avec MAGNETO. Les bouteilles en plastique innovantes avec un couvercle nouvellement con\u00e7u comprennent une caract\u00e9ristique inhabituelle: une bande magn\u00e9tique pour maintenir la bouteille sur une surface m\u00e9tallique. Un r\u00e9frig\u00e9rateur, porte-couteaux, porte-\u00e9pices, po\u00eale &#8230; Ce sont toutes des possibilit\u00e9s cr\u00e9atives. Le bec est anti-goutte-\u00e0-goutte, et un trou sur le dessus aide \u00e0 un flux lisse.<\/p>","protected":false},"excerpt":{"rendered":"<ul>\n<li>Corps en plastique et nouveau design de couvercle.<\/li>\n<li>2-\u00e9tiquette incluse pour un ensemble.<\/li>\n<li>Trou au dessus pour un flux lisse.<\/li>\n<\/ul>","protected":false},"featured_media":5184,"comment_status":"open","ping_status":"closed","template":"","meta":{"_acf_changed":false},"product_brand":[],"product_cat":[69,250],"product_tag":[],"class_list":{"0":"post-5191","1":"product","2":"type-product","3":"status-publish","4":"has-post-thumbnail","6":"product_cat-oil-dispensers","7":"product_cat-oil-vinegar-dispenser","9":"first","10":"instock","11":"shipping-taxable","12":"purchasable","13":"product-type-variable"},"acf":[],"_links":{"self":[{"href":"https:\/\/www.sinoglass.com\/fr\/wp-json\/wp\/v2\/product\/5191","targetHints":{"allow":["GET"]}}],"collection":[{"href":"https:\/\/www.sinoglass.com\/fr\/wp-json\/wp\/v2\/product"}],"about":[{"href":"https:\/\/www.sinoglass.com\/fr\/wp-json\/wp\/v2\/types\/product"}],"replies":[{"embeddable":true,"href":"https:\/\/www.sinoglass.com\/fr\/wp-json\/wp\/v2\/comments?post=5191"}],"wp:featuredmedia":[{"embeddable":true,"href":"https:\/\/www.sinoglass.com\/fr\/wp-json\/wp\/v2\/media\/5184"}],"wp:attachment":[{"href":"https:\/\/www.sinoglass.com\/fr\/wp-json\/wp\/v2\/media?parent=5191"}],"wp:term":[{"taxonomy":"product_brand","embeddable":true,"href":"https:\/\/www.sinoglass.com\/fr\/wp-json\/wp\/v2\/product_brand?post=5191"},{"taxonomy":"product_cat","embeddable":true,"href":"https:\/\/www.sinoglass.com\/fr\/wp-json\/wp\/v2\/product_cat?post=5191"},{"taxonomy":"product_tag","embeddable":true,"href":"https:\/\/www.sinoglass.com\/fr\/wp-json\/wp\/v2\/product_tag?post=5191"}],"curies":[{"name":"WP","href":"https:\/\/api.w.org\/{rel}","templated":true}]}}