{"id":5157,"date":"2024-04-26T13:59:37","date_gmt":"2024-04-26T05:59:37","guid":{"rendered":"https:\/\/www.sinoglass.com\/?post_type=product&#038;p=5157"},"modified":"2025-01-17T09:03:23","modified_gmt":"2025-01-17T01:03:23","slug":"olive-oil-cruet","status":"publish","type":"product","link":"https:\/\/www.sinoglass.com\/fr\/product\/olive-oil-cruet\/","title":{"rendered":"Huile d'olive Cruet Glass #8334000"},"content":{"rendered":"<p>Une bouteille d'huile en verre circulaire associ\u00e9e \u00e0 un bouchon en acier inoxydable avec un bec d'huile \u00e9tanche est un repr\u00e9sentant de la simplicit\u00e9 et de la pratique. Cette bouteille d'huile vous permet d'ajouter et de verser facilement de l'huile sans avoir besoin de structures et d'op\u00e9rations complexes, vous permettant de vous concentrer sur la cuisson.<\/p>","protected":false},"excerpt":{"rendered":"<ul>\n<li>Un design simple avec un avantage ing\u00e9nieux &#8211; couvrir le trou d'air en haut pour contr\u00f4ler le d\u00e9bit.<\/li>\n<li>Le plateau facile \u00e0 transporter contient deux bouteilles d'huile et trois bocaux d'\u00e9pices.<\/li>\n<\/ul>","protected":false},"featured_media":5186,"comment_status":"open","ping_status":"closed","template":"","meta":{"_acf_changed":false},"product_brand":[],"product_cat":[69,250],"product_tag":[],"class_list":{"0":"post-5157","1":"product","2":"type-product","3":"status-publish","4":"has-post-thumbnail","6":"product_cat-oil-dispensers","7":"product_cat-oil-vinegar-dispenser","9":"first","10":"instock","11":"shipping-taxable","12":"purchasable","13":"product-type-variable"},"acf":[],"_links":{"self":[{"href":"https:\/\/www.sinoglass.com\/fr\/wp-json\/wp\/v2\/product\/5157","targetHints":{"allow":["GET"]}}],"collection":[{"href":"https:\/\/www.sinoglass.com\/fr\/wp-json\/wp\/v2\/product"}],"about":[{"href":"https:\/\/www.sinoglass.com\/fr\/wp-json\/wp\/v2\/types\/product"}],"replies":[{"embeddable":true,"href":"https:\/\/www.sinoglass.com\/fr\/wp-json\/wp\/v2\/comments?post=5157"}],"wp:featuredmedia":[{"embeddable":true,"href":"https:\/\/www.sinoglass.com\/fr\/wp-json\/wp\/v2\/media\/5186"}],"wp:attachment":[{"href":"https:\/\/www.sinoglass.com\/fr\/wp-json\/wp\/v2\/media?parent=5157"}],"wp:term":[{"taxonomy":"product_brand","embeddable":true,"href":"https:\/\/www.sinoglass.com\/fr\/wp-json\/wp\/v2\/product_brand?post=5157"},{"taxonomy":"product_cat","embeddable":true,"href":"https:\/\/www.sinoglass.com\/fr\/wp-json\/wp\/v2\/product_cat?post=5157"},{"taxonomy":"product_tag","embeddable":true,"href":"https:\/\/www.sinoglass.com\/fr\/wp-json\/wp\/v2\/product_tag?post=5157"}],"curies":[{"name":"WP","href":"https:\/\/api.w.org\/{rel}","templated":true}]}}