{"id":5149,"date":"2024-04-26T13:46:32","date_gmt":"2024-04-26T05:46:32","guid":{"rendered":"https:\/\/www.sinoglass.com\/?post_type=product&#038;p=5149"},"modified":"2024-04-26T13:59:09","modified_gmt":"2024-04-26T05:59:09","slug":"salt-and-pepper-oil-bottle","status":"publish","type":"product","link":"https:\/\/www.sinoglass.com\/fr\/product\/salt-and-pepper-oil-bottle\/","title":{"rendered":"Bouteille d'huile de sel et de poivre #88802000"},"content":{"rendered":"<p>Repr\u00e9sentation simple et pratique, bouteille en verre cylindrique avec couvercle d\u00e9coratif en acier inoxydable, un bouchon transparent peut couvrir le bec d'huile anti-goutte \u00e0 goutte. Vous pouvez \u00e9galement choisir parmi trois tailles diff\u00e9rentes de bouteilles selon vos besoins. Associez-les \u00e0 des pots d'\u00e9pices et \u00e0 des \u00e9tag\u00e8res pour cr\u00e9er un ensemble de dressing pour salade, ce qui vous permet de l'utiliser \u00e0 tout moment et n'importe o\u00f9.<\/p>","protected":false},"excerpt":{"rendered":"<ul>\n<li>Le bec anti-goutte-\u00e0-goutte vous permet de verser la bonne quantit\u00e9 sans d\u00e9sordre.<\/li>\n<li>Un capuchon \u00e9tanche maintient votre huile propre et disponible en deux couleurs.<\/li>\n<li>Le plateau compact et \u00e9quilibr\u00e9 comprend une poign\u00e9e chrom\u00e9e attrayante.<\/li>\n<li>Appliquer la quantit\u00e9 parfaite. Nos bocaux d'assaisonnement sont facilement r\u00e9glables pour un saupoudrement ou un versement.<\/li>\n<\/ul>","protected":false},"featured_media":5156,"comment_status":"open","ping_status":"closed","template":"","meta":{"_acf_changed":false},"product_brand":[],"product_cat":[69,106],"product_tag":[],"class_list":{"0":"post-5149","1":"product","2":"type-product","3":"status-publish","4":"has-post-thumbnail","6":"product_cat-oil-dispensers","7":"product_cat-salad-dressing-set","9":"first","10":"instock","11":"shipping-taxable","12":"purchasable","13":"product-type-variable"},"acf":[],"_links":{"self":[{"href":"https:\/\/www.sinoglass.com\/fr\/wp-json\/wp\/v2\/product\/5149","targetHints":{"allow":["GET"]}}],"collection":[{"href":"https:\/\/www.sinoglass.com\/fr\/wp-json\/wp\/v2\/product"}],"about":[{"href":"https:\/\/www.sinoglass.com\/fr\/wp-json\/wp\/v2\/types\/product"}],"replies":[{"embeddable":true,"href":"https:\/\/www.sinoglass.com\/fr\/wp-json\/wp\/v2\/comments?post=5149"}],"wp:featuredmedia":[{"embeddable":true,"href":"https:\/\/www.sinoglass.com\/fr\/wp-json\/wp\/v2\/media\/5156"}],"wp:attachment":[{"href":"https:\/\/www.sinoglass.com\/fr\/wp-json\/wp\/v2\/media?parent=5149"}],"wp:term":[{"taxonomy":"product_brand","embeddable":true,"href":"https:\/\/www.sinoglass.com\/fr\/wp-json\/wp\/v2\/product_brand?post=5149"},{"taxonomy":"product_cat","embeddable":true,"href":"https:\/\/www.sinoglass.com\/fr\/wp-json\/wp\/v2\/product_cat?post=5149"},{"taxonomy":"product_tag","embeddable":true,"href":"https:\/\/www.sinoglass.com\/fr\/wp-json\/wp\/v2\/product_tag?post=5149"}],"curies":[{"name":"WP","href":"https:\/\/api.w.org\/{rel}","templated":true}]}}