{"id":5035,"date":"2024-04-25T15:18:52","date_gmt":"2024-04-25T07:18:52","guid":{"rendered":"https:\/\/www.sinoglass.com\/?post_type=product&#038;p=5035"},"modified":"2025-04-21T14:02:29","modified_gmt":"2025-04-21T06:02:29","slug":"glass-salt-and-pepper-mills","status":"publish","type":"product","link":"https:\/\/www.sinoglass.com\/fr\/product\/glass-salt-and-pepper-mills\/","title":{"rendered":"Moulins au sel et au poivre en verre #8436000"},"content":{"rendered":"<p>Une broyeuse d'assaisonnement durable avec une broyeuse en c\u00e9ramique de haute qualit\u00e9 est essentielle. En outre, un couvercle en acier inoxydable est \u00e9galement un excellent choix. Le pot en verre fournit un effet visuel. En r\u00e9sum\u00e9, il s'agit d'une broyeuse de cuisine de haute qualit\u00e9 et \u00e9l\u00e9gante.<\/p>","protected":false},"excerpt":{"rendered":"<ul>\n<li>Un haut en acier inoxydable maintient les \u00e9pices propres et s\u00e8ches.<\/li>\n<li>Le verre de haute qualit\u00e9 a une forme facile \u00e0 gripper.<\/li>\n<li>M\u00e9canisme en c\u00e9ramique r\u00e9glable de fin \u00e0 grossier.<\/li>\n<\/ul>","protected":false},"featured_media":5045,"comment_status":"open","ping_status":"closed","template":"","meta":{"_acf_changed":false},"product_brand":[],"product_cat":[268,71],"product_tag":[],"class_list":{"0":"post-5035","1":"product","2":"type-product","3":"status-publish","4":"has-post-thumbnail","6":"product_cat-glass-plastic-mills","7":"product_cat-mills-grinders","9":"first","10":"instock","11":"shipping-taxable","12":"purchasable","13":"product-type-variable"},"acf":[],"_links":{"self":[{"href":"https:\/\/www.sinoglass.com\/fr\/wp-json\/wp\/v2\/product\/5035","targetHints":{"allow":["GET"]}}],"collection":[{"href":"https:\/\/www.sinoglass.com\/fr\/wp-json\/wp\/v2\/product"}],"about":[{"href":"https:\/\/www.sinoglass.com\/fr\/wp-json\/wp\/v2\/types\/product"}],"replies":[{"embeddable":true,"href":"https:\/\/www.sinoglass.com\/fr\/wp-json\/wp\/v2\/comments?post=5035"}],"wp:featuredmedia":[{"embeddable":true,"href":"https:\/\/www.sinoglass.com\/fr\/wp-json\/wp\/v2\/media\/5045"}],"wp:attachment":[{"href":"https:\/\/www.sinoglass.com\/fr\/wp-json\/wp\/v2\/media?parent=5035"}],"wp:term":[{"taxonomy":"product_brand","embeddable":true,"href":"https:\/\/www.sinoglass.com\/fr\/wp-json\/wp\/v2\/product_brand?post=5035"},{"taxonomy":"product_cat","embeddable":true,"href":"https:\/\/www.sinoglass.com\/fr\/wp-json\/wp\/v2\/product_cat?post=5035"},{"taxonomy":"product_tag","embeddable":true,"href":"https:\/\/www.sinoglass.com\/fr\/wp-json\/wp\/v2\/product_tag?post=5035"}],"curies":[{"name":"WP","href":"https:\/\/api.w.org\/{rel}","templated":true}]}}