{"id":5018,"date":"2024-04-25T14:43:30","date_gmt":"2024-04-25T06:43:30","guid":{"rendered":"https:\/\/www.sinoglass.com\/?post_type=product&#038;p=5018"},"modified":"2025-04-21T13:57:23","modified_gmt":"2025-04-21T05:57:23","slug":"stainless-steel-salt-and-pepper-mills","status":"publish","type":"product","link":"https:\/\/www.sinoglass.com\/fr\/product\/stainless-steel-salt-and-pepper-mills\/","title":{"rendered":"Moulin au sel et au poivre en acier inoxydable #8358204301"},"content":{"rendered":"<p>Les assaisonnements fra\u00eechement moulus ajoutent un \u00e9clat de saveur \u00e0 votre nourriture, et nos moulins \u00e9l\u00e9gants et robustes de la s\u00e9rie SLIMLINE disposent de m\u00e9canismes en c\u00e9ramique r\u00e9glables de fin \u00e0 grossier. Retirez le petit bouton en haut pour remplir, tournez le m\u00eame bouton pour r\u00e9gler le moulin. Le moulin \u00e0 nervures est efficace et facile \u00e0 attraper. Disponible en deux tailles 6 pouces et 8 pouces.<\/p>","protected":false},"excerpt":{"rendered":"<ul>\n<li>Construction en acier inoxydable.<\/li>\n<li>M\u00e9canisme en c\u00e9ramique, bouton de r\u00e9glage annel\u00e9 en caoutchouc.<\/li>\n<li>Le bouton de r\u00e9glage est en acier inoxydable, blanc pour le sel, noir pour le poivre.<\/li>\n<li>Finis \u00e9l\u00e9gantes disponibles en deux tailles.<\/li>\n<\/ul>","protected":false},"featured_media":3525,"comment_status":"open","ping_status":"closed","template":"","meta":{"_acf_changed":false},"product_brand":[],"product_cat":[71,113],"product_tag":[],"class_list":{"0":"post-5018","1":"product","2":"type-product","3":"status-publish","4":"has-post-thumbnail","6":"product_cat-mills-grinders","7":"product_cat-stainless-steel-mill","9":"first","10":"instock","11":"shipping-taxable","12":"purchasable","13":"product-type-variable"},"acf":[],"_links":{"self":[{"href":"https:\/\/www.sinoglass.com\/fr\/wp-json\/wp\/v2\/product\/5018","targetHints":{"allow":["GET"]}}],"collection":[{"href":"https:\/\/www.sinoglass.com\/fr\/wp-json\/wp\/v2\/product"}],"about":[{"href":"https:\/\/www.sinoglass.com\/fr\/wp-json\/wp\/v2\/types\/product"}],"replies":[{"embeddable":true,"href":"https:\/\/www.sinoglass.com\/fr\/wp-json\/wp\/v2\/comments?post=5018"}],"wp:featuredmedia":[{"embeddable":true,"href":"https:\/\/www.sinoglass.com\/fr\/wp-json\/wp\/v2\/media\/3525"}],"wp:attachment":[{"href":"https:\/\/www.sinoglass.com\/fr\/wp-json\/wp\/v2\/media?parent=5018"}],"wp:term":[{"taxonomy":"product_brand","embeddable":true,"href":"https:\/\/www.sinoglass.com\/fr\/wp-json\/wp\/v2\/product_brand?post=5018"},{"taxonomy":"product_cat","embeddable":true,"href":"https:\/\/www.sinoglass.com\/fr\/wp-json\/wp\/v2\/product_cat?post=5018"},{"taxonomy":"product_tag","embeddable":true,"href":"https:\/\/www.sinoglass.com\/fr\/wp-json\/wp\/v2\/product_tag?post=5018"}],"curies":[{"name":"WP","href":"https:\/\/api.w.org\/{rel}","templated":true}]}}