{"id":4997,"date":"2024-04-25T14:04:37","date_gmt":"2024-04-25T06:04:37","guid":{"rendered":"https:\/\/www.sinoglass.com\/?post_type=product&#038;p=4997"},"modified":"2025-04-21T14:03:01","modified_gmt":"2025-04-21T06:03:01","slug":"salt-pepper-mills-grinder","status":"publish","type":"product","link":"https:\/\/www.sinoglass.com\/fr\/product\/salt-pepper-mills-grinder\/","title":{"rendered":"2 en 1 Sel &#038; Moulin \u00e0 poivre #79292002"},"content":{"rendered":"<p>Compact et \u00e9l\u00e9gant, le 2-en-1 est le bon choix pour un moulin combin\u00e9 sel et poivre. Moudre le sel, l'inverser pour mourir le poivre. Le m\u00e9canisme en c\u00e9ramique \u00e0 vie est r\u00e9glable de fin \u00e0 grossier.<\/p>","protected":false},"excerpt":{"rendered":"<ul>\n<li>Moulin \u00e0 double t\u00eate en acier inoxydable pour le sel et le poivre.<\/li>\n<li>Poign\u00e9e textur\u00e9e pour une utilisation facile.<\/li>\n<li>Poign\u00e9e disponible en noir et blanc.<\/li>\n<\/ul>","protected":false},"featured_media":5000,"comment_status":"open","ping_status":"closed","template":"","meta":{"_acf_changed":false},"product_brand":[],"product_cat":[71,113],"product_tag":[],"class_list":{"0":"post-4997","1":"product","2":"type-product","3":"status-publish","4":"has-post-thumbnail","6":"product_cat-mills-grinders","7":"product_cat-stainless-steel-mill","9":"first","10":"instock","11":"shipping-taxable","12":"purchasable","13":"product-type-variable"},"acf":[],"_links":{"self":[{"href":"https:\/\/www.sinoglass.com\/fr\/wp-json\/wp\/v2\/product\/4997","targetHints":{"allow":["GET"]}}],"collection":[{"href":"https:\/\/www.sinoglass.com\/fr\/wp-json\/wp\/v2\/product"}],"about":[{"href":"https:\/\/www.sinoglass.com\/fr\/wp-json\/wp\/v2\/types\/product"}],"replies":[{"embeddable":true,"href":"https:\/\/www.sinoglass.com\/fr\/wp-json\/wp\/v2\/comments?post=4997"}],"wp:featuredmedia":[{"embeddable":true,"href":"https:\/\/www.sinoglass.com\/fr\/wp-json\/wp\/v2\/media\/5000"}],"wp:attachment":[{"href":"https:\/\/www.sinoglass.com\/fr\/wp-json\/wp\/v2\/media?parent=4997"}],"wp:term":[{"taxonomy":"product_brand","embeddable":true,"href":"https:\/\/www.sinoglass.com\/fr\/wp-json\/wp\/v2\/product_brand?post=4997"},{"taxonomy":"product_cat","embeddable":true,"href":"https:\/\/www.sinoglass.com\/fr\/wp-json\/wp\/v2\/product_cat?post=4997"},{"taxonomy":"product_tag","embeddable":true,"href":"https:\/\/www.sinoglass.com\/fr\/wp-json\/wp\/v2\/product_tag?post=4997"}],"curies":[{"name":"WP","href":"https:\/\/api.w.org\/{rel}","templated":true}]}}