{"id":4979,"date":"2024-04-25T13:02:48","date_gmt":"2024-04-25T05:02:48","guid":{"rendered":"https:\/\/www.sinoglass.com\/?post_type=product&#038;p=4979"},"modified":"2025-04-21T14:03:28","modified_gmt":"2025-04-21T06:03:28","slug":"black-peppercorn-mill","status":"publish","type":"product","link":"https:\/\/www.sinoglass.com\/fr\/product\/black-peppercorn-mill\/","title":{"rendered":"Moulin \u00e0 grains de poivre noir rechargeable #8910A003"},"content":{"rendered":"<p>Le poivre fra\u00eechement moulu est plein de saveur, mais beaucoup de vos sels pr\u00e9f\u00e9r\u00e9s sont d\u00e9j\u00e0 moulus. Gardez-les ensemble dans un moulin compact, le FROSTED. Remplissez le compartiment de verre broy\u00e9 de grains de poivre, puis attachez le distributeur de sel avec le sel de votre choix. Rapide et pratique. Et, vous pouvez facilement voir quand il est temps de recharger.<\/p>","protected":false},"excerpt":{"rendered":"<ul>\n<li>Conteneur translucide en verre au sol.<\/li>\n<li>Distributeur de sel fixable. Faites glisser le haut pour r\u00e9tr\u00e9cir.<\/li>\n<li>M\u00e9canisme en c\u00e9ramique r\u00e9glable de fin \u00e0 grossier.<\/li>\n<li>Le couvercle en acier inoxydable est facile \u00e0 d\u00e9monter pour le nettoyage.<\/li>\n<li>Un seul couvercle stell inoxydable avec joint en silicone.<\/li>\n<\/ul>","protected":false},"featured_media":4985,"comment_status":"open","ping_status":"closed","template":"","meta":{"_acf_changed":false},"product_brand":[],"product_cat":[268,71],"product_tag":[],"class_list":{"0":"post-4979","1":"product","2":"type-product","3":"status-publish","4":"has-post-thumbnail","6":"product_cat-glass-plastic-mills","7":"product_cat-mills-grinders","9":"first","10":"instock","11":"shipping-taxable","12":"purchasable","13":"product-type-variable"},"acf":[],"_links":{"self":[{"href":"https:\/\/www.sinoglass.com\/fr\/wp-json\/wp\/v2\/product\/4979","targetHints":{"allow":["GET"]}}],"collection":[{"href":"https:\/\/www.sinoglass.com\/fr\/wp-json\/wp\/v2\/product"}],"about":[{"href":"https:\/\/www.sinoglass.com\/fr\/wp-json\/wp\/v2\/types\/product"}],"replies":[{"embeddable":true,"href":"https:\/\/www.sinoglass.com\/fr\/wp-json\/wp\/v2\/comments?post=4979"}],"wp:featuredmedia":[{"embeddable":true,"href":"https:\/\/www.sinoglass.com\/fr\/wp-json\/wp\/v2\/media\/4985"}],"wp:attachment":[{"href":"https:\/\/www.sinoglass.com\/fr\/wp-json\/wp\/v2\/media?parent=4979"}],"wp:term":[{"taxonomy":"product_brand","embeddable":true,"href":"https:\/\/www.sinoglass.com\/fr\/wp-json\/wp\/v2\/product_brand?post=4979"},{"taxonomy":"product_cat","embeddable":true,"href":"https:\/\/www.sinoglass.com\/fr\/wp-json\/wp\/v2\/product_cat?post=4979"},{"taxonomy":"product_tag","embeddable":true,"href":"https:\/\/www.sinoglass.com\/fr\/wp-json\/wp\/v2\/product_tag?post=4979"}],"curies":[{"name":"WP","href":"https:\/\/api.w.org\/{rel}","templated":true}]}}