{"id":4957,"date":"2024-04-25T10:14:26","date_gmt":"2024-04-25T02:14:26","guid":{"rendered":"https:\/\/www.sinoglass.com\/?post_type=product&#038;p=4957"},"modified":"2024-04-25T17:33:39","modified_gmt":"2024-04-25T09:33:39","slug":"wooden-salt-pepper-grinder","status":"publish","type":"product","link":"https:\/\/www.sinoglass.com\/fr\/product\/wooden-salt-pepper-grinder\/","title":{"rendered":"Moulin \u00e0 sel et poivre en bois #8489900601"},"content":{"rendered":"<p>La S\u00e9rie MILLWOOD a un design que vous vous souviendrez, avec un m\u00e9canisme moderne pour des ann\u00e9es d'utilisation. Disponibles en quatre tailles et finitions, ces moulins \u00e0 bois de qualit\u00e9 disposent d'un m\u00e9canisme en c\u00e9ramique qui peut broyer de fin \u00e0 grossier. Pour la cuisine classique et un style patrimonial, la MILLWOOD SERIES est le bon choix.<\/p>","protected":false},"excerpt":{"rendered":"<ul>\n<li>M\u00e9canisme en c\u00e9ramique moderne r\u00e9glable de fin \u00e0 grossier.<\/li>\n<li>Quatre tailles disponibles.<\/li>\n<li>Le bouton de r\u00e9glage est en acier inoxydable, blanc pour le sel, noir pour le poivre.<\/li>\n<li>Finis disponibles&#8211; Bois en caoutchouc, Bois en caoutchouc ancien et autres bois personnalisable.<\/li>\n<\/ul>","protected":false},"featured_media":4961,"comment_status":"open","ping_status":"closed","template":"","meta":{"_acf_changed":false},"product_brand":[],"product_cat":[218,71,89],"product_tag":[],"class_list":{"0":"post-4957","1":"product","2":"type-product","3":"status-publish","4":"has-post-thumbnail","6":"product_cat-eco-friendly","7":"product_cat-mills-grinders","8":"product_cat-wood-mill","10":"first","11":"instock","12":"shipping-taxable","13":"purchasable","14":"product-type-variable"},"acf":[],"_links":{"self":[{"href":"https:\/\/www.sinoglass.com\/fr\/wp-json\/wp\/v2\/product\/4957","targetHints":{"allow":["GET"]}}],"collection":[{"href":"https:\/\/www.sinoglass.com\/fr\/wp-json\/wp\/v2\/product"}],"about":[{"href":"https:\/\/www.sinoglass.com\/fr\/wp-json\/wp\/v2\/types\/product"}],"replies":[{"embeddable":true,"href":"https:\/\/www.sinoglass.com\/fr\/wp-json\/wp\/v2\/comments?post=4957"}],"wp:featuredmedia":[{"embeddable":true,"href":"https:\/\/www.sinoglass.com\/fr\/wp-json\/wp\/v2\/media\/4961"}],"wp:attachment":[{"href":"https:\/\/www.sinoglass.com\/fr\/wp-json\/wp\/v2\/media?parent=4957"}],"wp:term":[{"taxonomy":"product_brand","embeddable":true,"href":"https:\/\/www.sinoglass.com\/fr\/wp-json\/wp\/v2\/product_brand?post=4957"},{"taxonomy":"product_cat","embeddable":true,"href":"https:\/\/www.sinoglass.com\/fr\/wp-json\/wp\/v2\/product_cat?post=4957"},{"taxonomy":"product_tag","embeddable":true,"href":"https:\/\/www.sinoglass.com\/fr\/wp-json\/wp\/v2\/product_tag?post=4957"}],"curies":[{"name":"WP","href":"https:\/\/api.w.org\/{rel}","templated":true}]}}