{"id":4927,"date":"2024-04-24T10:57:00","date_gmt":"2024-04-24T02:57:00","guid":{"rendered":"https:\/\/www.sinoglass.com\/?post_type=product&#038;p=4927"},"modified":"2024-11-22T16:38:31","modified_gmt":"2024-11-22T08:38:31","slug":"wooden-salt-and-pepper-grinders","status":"publish","type":"product","link":"https:\/\/www.sinoglass.com\/fr\/product\/wooden-salt-and-pepper-grinders\/","title":{"rendered":"Moulins \u00e0 sel et poivre en bois #89749002"},"content":{"rendered":"<p>Le sel gourmet et le poivre entier, fra\u00eechement broy\u00e9s d'un moulin \u00e0 caoutchouc ELEGANT, ajoutent saveur et sophistication \u00e0 chaque plat. Le corps en caoutchouc authentique compl\u00e8te tout d\u00e9cor, et la roue de broyage starburst est livr\u00e9e avec notre bande unique cod\u00e9e en couleur sur le bouton d'ajustement afin que vous sachiez qui est le sel, qui est le poivre. Les mod\u00e8les SLIM et BELLE sont \u00e9quip\u00e9s de notre m\u00e9canisme en c\u00e9ramique de haute qualit\u00e9 et de longue dur\u00e9e de vie pour que vous puissiez r\u00e9gler rapidement le broyage de fin \u00e0 gros.<\/p>","protected":false},"excerpt":{"rendered":"<ul>\n<li>Moulin Starburst pour une utilisation facile.<\/li>\n<li>M\u00e9canisme en c\u00e9ramique durable.<\/li>\n<li>Bouton de r\u00e9glage annel\u00e9 en caoutchouc, blanc pour le sel, noir pour le poivre.<\/li>\n<li>Disponible en SLIM et BELLE.<\/li>\n<\/ul>","protected":false},"featured_media":4935,"comment_status":"open","ping_status":"closed","template":"","meta":{"_acf_changed":false},"product_brand":[],"product_cat":[218,71,89],"product_tag":[],"class_list":{"0":"post-4927","1":"product","2":"type-product","3":"status-publish","4":"has-post-thumbnail","6":"product_cat-eco-friendly","7":"product_cat-mills-grinders","8":"product_cat-wood-mill","10":"first","11":"instock","12":"shipping-taxable","13":"purchasable","14":"product-type-variable"},"acf":[],"_links":{"self":[{"href":"https:\/\/www.sinoglass.com\/fr\/wp-json\/wp\/v2\/product\/4927","targetHints":{"allow":["GET"]}}],"collection":[{"href":"https:\/\/www.sinoglass.com\/fr\/wp-json\/wp\/v2\/product"}],"about":[{"href":"https:\/\/www.sinoglass.com\/fr\/wp-json\/wp\/v2\/types\/product"}],"replies":[{"embeddable":true,"href":"https:\/\/www.sinoglass.com\/fr\/wp-json\/wp\/v2\/comments?post=4927"}],"wp:featuredmedia":[{"embeddable":true,"href":"https:\/\/www.sinoglass.com\/fr\/wp-json\/wp\/v2\/media\/4935"}],"wp:attachment":[{"href":"https:\/\/www.sinoglass.com\/fr\/wp-json\/wp\/v2\/media?parent=4927"}],"wp:term":[{"taxonomy":"product_brand","embeddable":true,"href":"https:\/\/www.sinoglass.com\/fr\/wp-json\/wp\/v2\/product_brand?post=4927"},{"taxonomy":"product_cat","embeddable":true,"href":"https:\/\/www.sinoglass.com\/fr\/wp-json\/wp\/v2\/product_cat?post=4927"},{"taxonomy":"product_tag","embeddable":true,"href":"https:\/\/www.sinoglass.com\/fr\/wp-json\/wp\/v2\/product_tag?post=4927"}],"curies":[{"name":"WP","href":"https:\/\/api.w.org\/{rel}","templated":true}]}}