{"id":4899,"date":"2024-04-23T16:55:14","date_gmt":"2024-04-23T08:55:14","guid":{"rendered":"https:\/\/www.sinoglass.com\/?post_type=product&#038;p=4899"},"modified":"2024-04-23T17:14:13","modified_gmt":"2024-04-23T09:14:13","slug":"salt-pepper-vinegar-set","status":"publish","type":"product","link":"https:\/\/www.sinoglass.com\/fr\/product\/salt-pepper-vinegar-set\/","title":{"rendered":"Ensemble de vinaigre de sel poivre #87772000"},"content":{"rendered":"<p>Le couvercle rotatif cache le bec, emp\u00eachant la poussi\u00e8re et les insectes d'entrer dans la bouteille. C'est notre couvercle unique et pratique. De plus, nous fournissons \u00e9galement un \u00e9tag\u00e8re qui peut combiner deux bouteilles d'huile et deux bocaux d'assaisonnement ensemble, ce qui en fait un excellent ensemble de bouteilles d'huile et d'assaisonnement pour vos besoins \u00e0 la maison ou au camping, facilitant votre cuisine.<\/p>","protected":false},"excerpt":{"rendered":"<ul>\n<li>Tourner pour r\u00e9v\u00e9ler, tourner pour cacher.<\/li>\n<li>L'embout est toujours couvert lorsqu'il n'est pas utilis\u00e9.<\/li>\n<li>Amusement \u00e0 utiliser, avec bec hygi\u00e9nique et anti-goutte-\u00e0-goutte.<\/li>\n<li>Fait partie de la collection McKormic.<\/li>\n<\/ul>","protected":false},"featured_media":4894,"comment_status":"open","ping_status":"closed","template":"","meta":{"_acf_changed":false},"product_brand":[],"product_cat":[69,106],"product_tag":[],"class_list":{"0":"post-4899","1":"product","2":"type-product","3":"status-publish","4":"has-post-thumbnail","6":"product_cat-oil-dispensers","7":"product_cat-salad-dressing-set","9":"first","10":"instock","11":"shipping-taxable","12":"purchasable","13":"product-type-variable"},"acf":[],"_links":{"self":[{"href":"https:\/\/www.sinoglass.com\/fr\/wp-json\/wp\/v2\/product\/4899","targetHints":{"allow":["GET"]}}],"collection":[{"href":"https:\/\/www.sinoglass.com\/fr\/wp-json\/wp\/v2\/product"}],"about":[{"href":"https:\/\/www.sinoglass.com\/fr\/wp-json\/wp\/v2\/types\/product"}],"replies":[{"embeddable":true,"href":"https:\/\/www.sinoglass.com\/fr\/wp-json\/wp\/v2\/comments?post=4899"}],"wp:featuredmedia":[{"embeddable":true,"href":"https:\/\/www.sinoglass.com\/fr\/wp-json\/wp\/v2\/media\/4894"}],"wp:attachment":[{"href":"https:\/\/www.sinoglass.com\/fr\/wp-json\/wp\/v2\/media?parent=4899"}],"wp:term":[{"taxonomy":"product_brand","embeddable":true,"href":"https:\/\/www.sinoglass.com\/fr\/wp-json\/wp\/v2\/product_brand?post=4899"},{"taxonomy":"product_cat","embeddable":true,"href":"https:\/\/www.sinoglass.com\/fr\/wp-json\/wp\/v2\/product_cat?post=4899"},{"taxonomy":"product_tag","embeddable":true,"href":"https:\/\/www.sinoglass.com\/fr\/wp-json\/wp\/v2\/product_tag?post=4899"}],"curies":[{"name":"WP","href":"https:\/\/api.w.org\/{rel}","templated":true}]}}