{"id":4882,"date":"2024-04-23T13:01:19","date_gmt":"2024-04-23T05:01:19","guid":{"rendered":"https:\/\/www.sinoglass.com\/?post_type=product&#038;p=4882"},"modified":"2024-04-26T13:40:38","modified_gmt":"2024-04-26T05:40:38","slug":"salt-pepper-oil-set","status":"publish","type":"product","link":"https:\/\/www.sinoglass.com\/fr\/product\/salt-pepper-oil-set\/","title":{"rendered":"Ensemble d'huile de sel poivre #79002006"},"content":{"rendered":"<p>Les broches O\/V BRUNO, combin\u00e9es aux bocaux d'assaisonnement TUXEDO, forment un ensemble attrayant et pratique avec 2 styles de rack disponibles. Les bouchons \u00e0 un doigt sur les pots carr\u00e9s classiques sont rapides \u00e0 ouvrir et offrent un scell\u00e9 s\u00e9curis\u00e9.<\/p>","protected":false},"excerpt":{"rendered":"<ul>\n<li>Les capuchons \u00e0 levier actionn\u00e9s \u00e0 un doigt cliquent pour ouvrir et sceller.<\/li>\n<li>Bo\u00eetes de versement sans goutte \u00e0 goutte.<\/li>\n<li>Rack facile \u00e0 transporter contient deux bouteilles d'huile et deux bocaux d'\u00e9pices<\/li>\n<li>Le plateau robuste contient deux bouteilles d'huile et deux bocaux d'\u00e9pices.<\/li>\n<li>Le m\u00e9canisme simple d'ouverture et de fermeture \u00e0 une seule pression est robuste et \u00e9l\u00e9gant.<\/li>\n<\/ul>","protected":false},"featured_media":4878,"comment_status":"open","ping_status":"closed","template":"","meta":{"_acf_changed":false},"product_brand":[],"product_cat":[69,106],"product_tag":[],"class_list":{"0":"post-4882","1":"product","2":"type-product","3":"status-publish","4":"has-post-thumbnail","6":"product_cat-oil-dispensers","7":"product_cat-salad-dressing-set","9":"first","10":"instock","11":"shipping-taxable","12":"purchasable","13":"product-type-variable"},"acf":[],"_links":{"self":[{"href":"https:\/\/www.sinoglass.com\/fr\/wp-json\/wp\/v2\/product\/4882","targetHints":{"allow":["GET"]}}],"collection":[{"href":"https:\/\/www.sinoglass.com\/fr\/wp-json\/wp\/v2\/product"}],"about":[{"href":"https:\/\/www.sinoglass.com\/fr\/wp-json\/wp\/v2\/types\/product"}],"replies":[{"embeddable":true,"href":"https:\/\/www.sinoglass.com\/fr\/wp-json\/wp\/v2\/comments?post=4882"}],"wp:featuredmedia":[{"embeddable":true,"href":"https:\/\/www.sinoglass.com\/fr\/wp-json\/wp\/v2\/media\/4878"}],"wp:attachment":[{"href":"https:\/\/www.sinoglass.com\/fr\/wp-json\/wp\/v2\/media?parent=4882"}],"wp:term":[{"taxonomy":"product_brand","embeddable":true,"href":"https:\/\/www.sinoglass.com\/fr\/wp-json\/wp\/v2\/product_brand?post=4882"},{"taxonomy":"product_cat","embeddable":true,"href":"https:\/\/www.sinoglass.com\/fr\/wp-json\/wp\/v2\/product_cat?post=4882"},{"taxonomy":"product_tag","embeddable":true,"href":"https:\/\/www.sinoglass.com\/fr\/wp-json\/wp\/v2\/product_tag?post=4882"}],"curies":[{"name":"WP","href":"https:\/\/api.w.org\/{rel}","templated":true}]}}