{"id":4858,"date":"2024-04-23T11:12:10","date_gmt":"2024-04-23T03:12:10","guid":{"rendered":"https:\/\/www.sinoglass.com\/?post_type=product&#038;p=4858"},"modified":"2025-01-17T09:04:04","modified_gmt":"2025-01-17T01:04:04","slug":"glass-olive-oil-pourer","status":"publish","type":"product","link":"https:\/\/www.sinoglass.com\/fr\/product\/glass-olive-oil-pourer\/","title":{"rendered":"Verteuse d'huile d'olive en verre avec bouchon #7874200001"},"content":{"rendered":"<p>Un design carr\u00e9 classique avec un joint en silicone. Une presse simple scelle le couvercle bien contre le bec en silicone anti-goutte-\u00e0-goutte. Ne vous inqui\u00e9tez pas si vous poussez la bouteille, elle ne fuira pas.<\/p>","protected":false},"excerpt":{"rendered":"<ul>\n<li>Une presse simple scelle le couvercle bien contre le bec en silicone anti-goutte-\u00e0-goutte.<\/li>\n<li>Le haut translucide s'accroche bien en place.<\/li>\n<li>Un \u00e9tag\u00e8re simple robuste peut contenir deux bouteilles d'huile.<\/li>\n<\/ul>","protected":false},"featured_media":4862,"comment_status":"open","ping_status":"closed","template":"","meta":{"_acf_changed":false},"product_brand":[],"product_cat":[69,250],"product_tag":[],"class_list":{"0":"post-4858","1":"product","2":"type-product","3":"status-publish","4":"has-post-thumbnail","6":"product_cat-oil-dispensers","7":"product_cat-oil-vinegar-dispenser","9":"first","10":"instock","11":"shipping-taxable","12":"purchasable","13":"product-type-variable"},"acf":[],"_links":{"self":[{"href":"https:\/\/www.sinoglass.com\/fr\/wp-json\/wp\/v2\/product\/4858","targetHints":{"allow":["GET"]}}],"collection":[{"href":"https:\/\/www.sinoglass.com\/fr\/wp-json\/wp\/v2\/product"}],"about":[{"href":"https:\/\/www.sinoglass.com\/fr\/wp-json\/wp\/v2\/types\/product"}],"replies":[{"embeddable":true,"href":"https:\/\/www.sinoglass.com\/fr\/wp-json\/wp\/v2\/comments?post=4858"}],"wp:featuredmedia":[{"embeddable":true,"href":"https:\/\/www.sinoglass.com\/fr\/wp-json\/wp\/v2\/media\/4862"}],"wp:attachment":[{"href":"https:\/\/www.sinoglass.com\/fr\/wp-json\/wp\/v2\/media?parent=4858"}],"wp:term":[{"taxonomy":"product_brand","embeddable":true,"href":"https:\/\/www.sinoglass.com\/fr\/wp-json\/wp\/v2\/product_brand?post=4858"},{"taxonomy":"product_cat","embeddable":true,"href":"https:\/\/www.sinoglass.com\/fr\/wp-json\/wp\/v2\/product_cat?post=4858"},{"taxonomy":"product_tag","embeddable":true,"href":"https:\/\/www.sinoglass.com\/fr\/wp-json\/wp\/v2\/product_tag?post=4858"}],"curies":[{"name":"WP","href":"https:\/\/api.w.org\/{rel}","templated":true}]}}