{"id":4850,"date":"2024-04-23T10:24:11","date_gmt":"2024-04-23T02:24:11","guid":{"rendered":"https:\/\/www.sinoglass.com\/?post_type=product&#038;p=4850"},"modified":"2025-01-17T09:04:16","modified_gmt":"2025-01-17T01:04:16","slug":"cooking-oil-bottle-for-kitchen","status":"publish","type":"product","link":"https:\/\/www.sinoglass.com\/fr\/product\/cooking-oil-bottle-for-kitchen\/","title":{"rendered":"Bouteille d'huile de cuisson pour cuisine #7890200001"},"content":{"rendered":"<p>Forme carr\u00e9e classique avec un casquet \u00e9l\u00e9gant et fonctionnel, le JENNY peut se tenir seul ou compl\u00e9ter votre autre d\u00e9cor de cuisine. Une torsion expose l'ouverture. Retournez pour fermer.<\/p>","protected":false},"excerpt":{"rendered":"<ul>\n<li>Couverture en acier inoxydable avec joint en silicone.<\/li>\n<li>\u00a0Facile \u00e0 tourner pour ouvrir et fermer.<\/li>\n<li>Le rack robuste peut contenir deux bouteilles.<\/li>\n<li>Bo\u00eetier anti-goutte-\u00e0-goutte.<\/li>\n<\/ul>","protected":false},"featured_media":4853,"comment_status":"open","ping_status":"closed","template":"","meta":{"_acf_changed":false},"product_brand":[],"product_cat":[69,250],"product_tag":[],"class_list":{"0":"post-4850","1":"product","2":"type-product","3":"status-publish","4":"has-post-thumbnail","6":"product_cat-oil-dispensers","7":"product_cat-oil-vinegar-dispenser","9":"first","10":"instock","11":"shipping-taxable","12":"purchasable","13":"product-type-variable"},"acf":[],"_links":{"self":[{"href":"https:\/\/www.sinoglass.com\/fr\/wp-json\/wp\/v2\/product\/4850","targetHints":{"allow":["GET"]}}],"collection":[{"href":"https:\/\/www.sinoglass.com\/fr\/wp-json\/wp\/v2\/product"}],"about":[{"href":"https:\/\/www.sinoglass.com\/fr\/wp-json\/wp\/v2\/types\/product"}],"replies":[{"embeddable":true,"href":"https:\/\/www.sinoglass.com\/fr\/wp-json\/wp\/v2\/comments?post=4850"}],"wp:featuredmedia":[{"embeddable":true,"href":"https:\/\/www.sinoglass.com\/fr\/wp-json\/wp\/v2\/media\/4853"}],"wp:attachment":[{"href":"https:\/\/www.sinoglass.com\/fr\/wp-json\/wp\/v2\/media?parent=4850"}],"wp:term":[{"taxonomy":"product_brand","embeddable":true,"href":"https:\/\/www.sinoglass.com\/fr\/wp-json\/wp\/v2\/product_brand?post=4850"},{"taxonomy":"product_cat","embeddable":true,"href":"https:\/\/www.sinoglass.com\/fr\/wp-json\/wp\/v2\/product_cat?post=4850"},{"taxonomy":"product_tag","embeddable":true,"href":"https:\/\/www.sinoglass.com\/fr\/wp-json\/wp\/v2\/product_tag?post=4850"}],"curies":[{"name":"WP","href":"https:\/\/api.w.org\/{rel}","templated":true}]}}