{"id":4832,"date":"2024-04-22T16:21:58","date_gmt":"2024-04-22T08:21:58","guid":{"rendered":"https:\/\/www.sinoglass.com\/?post_type=product&#038;p=4832"},"modified":"2024-04-22T16:33:20","modified_gmt":"2024-04-22T08:33:20","slug":"salt-pepper-oil-vinegar-set-2","status":"publish","type":"product","link":"https:\/\/www.sinoglass.com\/fr\/product\/salt-pepper-oil-vinegar-set-2\/","title":{"rendered":"Ensemble de vinaigre d'huile de sel poivre #7902A004"},"content":{"rendered":"<p>Notre populaire bouteille BOBO peut maintenant faire partie de votre collection SQUARE. Une conception am\u00e9lior\u00e9e du couvercle am\u00e9liore le couvercle tordu en acier inoxydable.<\/p>","protected":false},"excerpt":{"rendered":"<ul>\n<li>Top transparent, anti-poussi\u00e8re et pot d'\u00e9pices de conception facile \u00e0 asperger.<\/li>\n<li>Plus grand haut transparent en place sur couvercle en acier inoxydable \u00e9l\u00e9gant.<\/li>\n<li>Conception facile \u00e0 verser et \u00e0 asperger.<\/li>\n<\/ul>","protected":false},"featured_media":4828,"comment_status":"open","ping_status":"closed","template":"","meta":{"_acf_changed":false},"product_brand":[],"product_cat":[69,106],"product_tag":[],"class_list":{"0":"post-4832","1":"product","2":"type-product","3":"status-publish","4":"has-post-thumbnail","6":"product_cat-oil-dispensers","7":"product_cat-salad-dressing-set","9":"first","10":"instock","11":"shipping-taxable","12":"purchasable","13":"product-type-variable"},"acf":[],"_links":{"self":[{"href":"https:\/\/www.sinoglass.com\/fr\/wp-json\/wp\/v2\/product\/4832","targetHints":{"allow":["GET"]}}],"collection":[{"href":"https:\/\/www.sinoglass.com\/fr\/wp-json\/wp\/v2\/product"}],"about":[{"href":"https:\/\/www.sinoglass.com\/fr\/wp-json\/wp\/v2\/types\/product"}],"replies":[{"embeddable":true,"href":"https:\/\/www.sinoglass.com\/fr\/wp-json\/wp\/v2\/comments?post=4832"}],"wp:featuredmedia":[{"embeddable":true,"href":"https:\/\/www.sinoglass.com\/fr\/wp-json\/wp\/v2\/media\/4828"}],"wp:attachment":[{"href":"https:\/\/www.sinoglass.com\/fr\/wp-json\/wp\/v2\/media?parent=4832"}],"wp:term":[{"taxonomy":"product_brand","embeddable":true,"href":"https:\/\/www.sinoglass.com\/fr\/wp-json\/wp\/v2\/product_brand?post=4832"},{"taxonomy":"product_cat","embeddable":true,"href":"https:\/\/www.sinoglass.com\/fr\/wp-json\/wp\/v2\/product_cat?post=4832"},{"taxonomy":"product_tag","embeddable":true,"href":"https:\/\/www.sinoglass.com\/fr\/wp-json\/wp\/v2\/product_tag?post=4832"}],"curies":[{"name":"WP","href":"https:\/\/api.w.org\/{rel}","templated":true}]}}