{"id":4822,"date":"2024-04-22T15:39:22","date_gmt":"2024-04-22T07:39:22","guid":{"rendered":"https:\/\/www.sinoglass.com\/?post_type=product&#038;p=4822"},"modified":"2024-04-22T15:54:47","modified_gmt":"2024-04-22T07:54:47","slug":"oil-vinegar-salt-and-pepper-set","status":"publish","type":"product","link":"https:\/\/www.sinoglass.com\/fr\/product\/oil-vinegar-salt-and-pepper-set\/","title":{"rendered":"Ensemble de sel et de poivre de vinaigre d'huile #89372001"},"content":{"rendered":"<p>Les bouteilles d\u2019huile peuvent aussi \u00eatre \u00e9l\u00e9gantes. Notre pot mince est livr\u00e9 avec un couvercle en forme de rose, orn\u00e9 d'acier inoxydable, ce qui en fait non seulement pratique mais aussi une excellente d\u00e9coration pour votre cuisine.<\/p>","protected":false},"excerpt":{"rendered":"<ul>\n<li>Le bec de gravit\u00e9 anti-goutte s'ouvre et se ferme automatiquement.<\/li>\n<li>Facile \u00e0 transporter porte deux bouteilles d'huile et deux bocaux d'\u00e9pices.<\/li>\n<li>Couverture inspir\u00e9e de p\u00e9tales de rose, op\u00e9ration facile \u00e0 tordre pour choisir 3 tailles d'ouverture.<\/li>\n<\/ul>","protected":false},"featured_media":4816,"comment_status":"open","ping_status":"closed","template":"","meta":{"_acf_changed":false},"product_brand":[],"product_cat":[69,106],"product_tag":[],"class_list":{"0":"post-4822","1":"product","2":"type-product","3":"status-publish","4":"has-post-thumbnail","6":"product_cat-oil-dispensers","7":"product_cat-salad-dressing-set","9":"first","10":"instock","11":"shipping-taxable","12":"purchasable","13":"product-type-variable"},"acf":[],"_links":{"self":[{"href":"https:\/\/www.sinoglass.com\/fr\/wp-json\/wp\/v2\/product\/4822","targetHints":{"allow":["GET"]}}],"collection":[{"href":"https:\/\/www.sinoglass.com\/fr\/wp-json\/wp\/v2\/product"}],"about":[{"href":"https:\/\/www.sinoglass.com\/fr\/wp-json\/wp\/v2\/types\/product"}],"replies":[{"embeddable":true,"href":"https:\/\/www.sinoglass.com\/fr\/wp-json\/wp\/v2\/comments?post=4822"}],"wp:featuredmedia":[{"embeddable":true,"href":"https:\/\/www.sinoglass.com\/fr\/wp-json\/wp\/v2\/media\/4816"}],"wp:attachment":[{"href":"https:\/\/www.sinoglass.com\/fr\/wp-json\/wp\/v2\/media?parent=4822"}],"wp:term":[{"taxonomy":"product_brand","embeddable":true,"href":"https:\/\/www.sinoglass.com\/fr\/wp-json\/wp\/v2\/product_brand?post=4822"},{"taxonomy":"product_cat","embeddable":true,"href":"https:\/\/www.sinoglass.com\/fr\/wp-json\/wp\/v2\/product_cat?post=4822"},{"taxonomy":"product_tag","embeddable":true,"href":"https:\/\/www.sinoglass.com\/fr\/wp-json\/wp\/v2\/product_tag?post=4822"}],"curies":[{"name":"WP","href":"https:\/\/api.w.org\/{rel}","templated":true}]}}