{"id":4786,"date":"2024-04-22T11:16:21","date_gmt":"2024-04-22T03:16:21","guid":{"rendered":"https:\/\/www.sinoglass.com\/?post_type=product&#038;p=4786"},"modified":"2025-04-21T13:58:21","modified_gmt":"2025-04-21T05:58:21","slug":"bamboo-spice-rack-organizer","status":"publish","type":"product","link":"https:\/\/www.sinoglass.com\/fr\/product\/bamboo-spice-rack-organizer\/","title":{"rendered":"Bamboo Spice Rack Organisateur #79399002"},"content":{"rendered":"<p>Le bambou et le verre \u00e9cologiques sont toujours en demande. L'efficacit\u00e9 ajout\u00e9e d'un double couvercle pour un saupoudrement ou un versement fait de NATURALIST SPICE le compl\u00e9ment parfait \u00e0 votre table. Le support en bambou peut contenir quatre ou six de vos \u00e9pices pr\u00e9f\u00e9r\u00e9es et peut m\u00eame inclure le NATURALIST O \/ V pour un ensemble attrayant.<\/p>","protected":false},"excerpt":{"rendered":"<p>\u2022 Verre naturel et \u00e9cologique et bambou.<br \/>\n\u2022 Rack en bambou pour pots d'\u00e9pices et O \/ V set.<br \/>\n\u2022 Deux tailles disponibles.<\/p>","protected":false},"featured_media":4777,"comment_status":"open","ping_status":"closed","template":"","meta":{"_acf_changed":false},"product_brand":[],"product_cat":[218,70,213],"product_tag":[],"class_list":{"0":"post-4786","1":"product","2":"type-product","3":"status-publish","4":"has-post-thumbnail","6":"product_cat-eco-friendly","7":"product_cat-spice-racks","8":"product_cat-spice-rack-jars","10":"first","11":"instock","12":"shipping-taxable","13":"purchasable","14":"product-type-variable"},"acf":[],"_links":{"self":[{"href":"https:\/\/www.sinoglass.com\/fr\/wp-json\/wp\/v2\/product\/4786","targetHints":{"allow":["GET"]}}],"collection":[{"href":"https:\/\/www.sinoglass.com\/fr\/wp-json\/wp\/v2\/product"}],"about":[{"href":"https:\/\/www.sinoglass.com\/fr\/wp-json\/wp\/v2\/types\/product"}],"replies":[{"embeddable":true,"href":"https:\/\/www.sinoglass.com\/fr\/wp-json\/wp\/v2\/comments?post=4786"}],"wp:featuredmedia":[{"embeddable":true,"href":"https:\/\/www.sinoglass.com\/fr\/wp-json\/wp\/v2\/media\/4777"}],"wp:attachment":[{"href":"https:\/\/www.sinoglass.com\/fr\/wp-json\/wp\/v2\/media?parent=4786"}],"wp:term":[{"taxonomy":"product_brand","embeddable":true,"href":"https:\/\/www.sinoglass.com\/fr\/wp-json\/wp\/v2\/product_brand?post=4786"},{"taxonomy":"product_cat","embeddable":true,"href":"https:\/\/www.sinoglass.com\/fr\/wp-json\/wp\/v2\/product_cat?post=4786"},{"taxonomy":"product_tag","embeddable":true,"href":"https:\/\/www.sinoglass.com\/fr\/wp-json\/wp\/v2\/product_tag?post=4786"}],"curies":[{"name":"WP","href":"https:\/\/api.w.org\/{rel}","templated":true}]}}