{"id":4699,"date":"2024-04-22T10:00:25","date_gmt":"2024-04-22T02:00:25","guid":{"rendered":"https:\/\/www.sinoglass.com\/?post_type=product&#038;p=4699"},"modified":"2025-04-21T13:56:16","modified_gmt":"2025-04-21T05:56:16","slug":"bamboo-lid-oil-bottle-with-dispenser-7938900001","status":"publish","type":"product","link":"https:\/\/www.sinoglass.com\/fr\/product\/bamboo-lid-oil-bottle-with-dispenser-7938900001\/","title":{"rendered":"Bouteille d'huile de couvercle en bambou avec distributeur #7938900001"},"content":{"rendered":"<p>La qualit\u00e9 et le style peuvent \u00eatre exprim\u00e9s avec des mat\u00e9riaux naturels recyclables. Le verre durable, le bambou naturel, l'acier inoxydable et un seul sceau en silicone sont tout ce que nous utilisons pour r\u00e9aliser la nouvelle collection NATURALIST. M\u00eame le support de base est en bambou. Un style qui s'adapte partout et des mat\u00e9riaux \u00e9cologiques font d'un produit pour rendre votre cuisine fi\u00e8re.<\/p>","protected":false},"excerpt":{"rendered":"<p>\u2022 Verre naturel et durable et bambou.<br \/>\n\u2022 Boit en acier inoxydable \u00e0 ouverture automatique.<br \/>\n\u2022 Joint unique en silicone.<\/p>","protected":false},"featured_media":4707,"comment_status":"open","ping_status":"closed","template":"","meta":{"_acf_changed":false},"product_brand":[],"product_cat":[218,69,250],"product_tag":[],"class_list":{"0":"post-4699","1":"product","2":"type-product","3":"status-publish","4":"has-post-thumbnail","6":"product_cat-eco-friendly","7":"product_cat-oil-dispensers","8":"product_cat-oil-vinegar-dispenser","10":"first","11":"instock","12":"shipping-taxable","13":"purchasable","14":"product-type-variable"},"acf":[],"_links":{"self":[{"href":"https:\/\/www.sinoglass.com\/fr\/wp-json\/wp\/v2\/product\/4699","targetHints":{"allow":["GET"]}}],"collection":[{"href":"https:\/\/www.sinoglass.com\/fr\/wp-json\/wp\/v2\/product"}],"about":[{"href":"https:\/\/www.sinoglass.com\/fr\/wp-json\/wp\/v2\/types\/product"}],"replies":[{"embeddable":true,"href":"https:\/\/www.sinoglass.com\/fr\/wp-json\/wp\/v2\/comments?post=4699"}],"wp:featuredmedia":[{"embeddable":true,"href":"https:\/\/www.sinoglass.com\/fr\/wp-json\/wp\/v2\/media\/4707"}],"wp:attachment":[{"href":"https:\/\/www.sinoglass.com\/fr\/wp-json\/wp\/v2\/media?parent=4699"}],"wp:term":[{"taxonomy":"product_brand","embeddable":true,"href":"https:\/\/www.sinoglass.com\/fr\/wp-json\/wp\/v2\/product_brand?post=4699"},{"taxonomy":"product_cat","embeddable":true,"href":"https:\/\/www.sinoglass.com\/fr\/wp-json\/wp\/v2\/product_cat?post=4699"},{"taxonomy":"product_tag","embeddable":true,"href":"https:\/\/www.sinoglass.com\/fr\/wp-json\/wp\/v2\/product_tag?post=4699"}],"curies":[{"name":"WP","href":"https:\/\/api.w.org\/{rel}","templated":true}]}}