{"id":4672,"date":"2024-04-11T17:43:06","date_gmt":"2024-04-11T09:43:06","guid":{"rendered":"https:\/\/www.sinoglass.com\/?post_type=product&#038;p=4672"},"modified":"2025-01-17T09:05:01","modified_gmt":"2025-01-17T01:05:01","slug":"glass-food-oil-dispenser","status":"publish","type":"product","link":"https:\/\/www.sinoglass.com\/fr\/product\/glass-food-oil-dispenser\/","title":{"rendered":"Distributeur d'huile alimentaire en verre #89362001"},"content":{"rendered":"<p>Les bouteilles d\u2019huile peuvent aussi \u00eatre \u00e9l\u00e9gantes. Notre pot mince est livr\u00e9 avec un couvercle en forme de rose, orn\u00e9 d'acier inoxydable, ce qui en fait non seulement pratique mais aussi une excellente d\u00e9coration pour votre cuisine.<\/p>","protected":false},"excerpt":{"rendered":"<ul>\n<li>Design rose \u00e9l\u00e9gant et utilisation facile.<\/li>\n<li>Le bec de gravit\u00e9 anti-goutte s'ouvre et se ferme automatiquement.<\/li>\n<li>Facile \u00e0 transporter porte deux bouteilles.<\/li>\n<\/ul>","protected":false},"featured_media":4817,"comment_status":"open","ping_status":"closed","template":"","meta":{"_acf_changed":false},"product_brand":[],"product_cat":[69,250],"product_tag":[],"class_list":{"0":"post-4672","1":"product","2":"type-product","3":"status-publish","4":"has-post-thumbnail","6":"product_cat-oil-dispensers","7":"product_cat-oil-vinegar-dispenser","9":"first","10":"instock","11":"shipping-taxable","12":"purchasable","13":"product-type-variable"},"acf":[],"_links":{"self":[{"href":"https:\/\/www.sinoglass.com\/fr\/wp-json\/wp\/v2\/product\/4672","targetHints":{"allow":["GET"]}}],"collection":[{"href":"https:\/\/www.sinoglass.com\/fr\/wp-json\/wp\/v2\/product"}],"about":[{"href":"https:\/\/www.sinoglass.com\/fr\/wp-json\/wp\/v2\/types\/product"}],"replies":[{"embeddable":true,"href":"https:\/\/www.sinoglass.com\/fr\/wp-json\/wp\/v2\/comments?post=4672"}],"wp:featuredmedia":[{"embeddable":true,"href":"https:\/\/www.sinoglass.com\/fr\/wp-json\/wp\/v2\/media\/4817"}],"wp:attachment":[{"href":"https:\/\/www.sinoglass.com\/fr\/wp-json\/wp\/v2\/media?parent=4672"}],"wp:term":[{"taxonomy":"product_brand","embeddable":true,"href":"https:\/\/www.sinoglass.com\/fr\/wp-json\/wp\/v2\/product_brand?post=4672"},{"taxonomy":"product_cat","embeddable":true,"href":"https:\/\/www.sinoglass.com\/fr\/wp-json\/wp\/v2\/product_cat?post=4672"},{"taxonomy":"product_tag","embeddable":true,"href":"https:\/\/www.sinoglass.com\/fr\/wp-json\/wp\/v2\/product_tag?post=4672"}],"curies":[{"name":"WP","href":"https:\/\/api.w.org\/{rel}","templated":true}]}}