{"id":4670,"date":"2024-04-11T17:28:35","date_gmt":"2024-04-11T09:28:35","guid":{"rendered":"https:\/\/www.sinoglass.com\/?post_type=product&#038;p=4670"},"modified":"2024-04-11T17:37:13","modified_gmt":"2024-04-11T09:37:13","slug":"salt-pepper-and-oil-vinegar-set","status":"publish","type":"product","link":"https:\/\/www.sinoglass.com\/fr\/product\/salt-pepper-and-oil-vinegar-set\/","title":{"rendered":"Ensemble de vinaigre de sel, poivre et huile #8986A004"},"content":{"rendered":"<p>Le TABLE MATE est le moyen pratique de porter sur votre table tout ce dont vous avez besoin pour assaisonner une salade \u2013 huile et vinaigre, sel et poivre. Les bouteilles O\/V ont notre bec et couvercle BOBO \u00e9prouv\u00e9s, compl\u00e9t\u00e9s par un couvercle de pot d'\u00e9pices en acier inoxydable avec trois choix d'ouvertures.<\/p>","protected":false},"excerpt":{"rendered":"<ul>\n<li>Une charni\u00e8re durable et un joint en silicone donnent des ann\u00e9es de fiabilit\u00e9.<\/li>\n<li>Les bocaux ronds avec une forme conique et un bec anti-goutte-\u00e0-goutte.<\/li>\n<li>Facile \u00e0 transporter porte deux bouteilles d'huile et deux bocaux d'\u00e9pices.<\/li>\n<li>Tordez le haut transparent pour choisir parmi 3 ouvertures.<\/li>\n<\/ul>","protected":false},"featured_media":4664,"comment_status":"open","ping_status":"closed","template":"","meta":{"_acf_changed":false},"product_brand":[],"product_cat":[69,106],"product_tag":[],"class_list":{"0":"post-4670","1":"product","2":"type-product","3":"status-publish","4":"has-post-thumbnail","6":"product_cat-oil-dispensers","7":"product_cat-salad-dressing-set","9":"first","10":"instock","11":"shipping-taxable","12":"purchasable","13":"product-type-variable"},"acf":[],"_links":{"self":[{"href":"https:\/\/www.sinoglass.com\/fr\/wp-json\/wp\/v2\/product\/4670","targetHints":{"allow":["GET"]}}],"collection":[{"href":"https:\/\/www.sinoglass.com\/fr\/wp-json\/wp\/v2\/product"}],"about":[{"href":"https:\/\/www.sinoglass.com\/fr\/wp-json\/wp\/v2\/types\/product"}],"replies":[{"embeddable":true,"href":"https:\/\/www.sinoglass.com\/fr\/wp-json\/wp\/v2\/comments?post=4670"}],"wp:featuredmedia":[{"embeddable":true,"href":"https:\/\/www.sinoglass.com\/fr\/wp-json\/wp\/v2\/media\/4664"}],"wp:attachment":[{"href":"https:\/\/www.sinoglass.com\/fr\/wp-json\/wp\/v2\/media?parent=4670"}],"wp:term":[{"taxonomy":"product_brand","embeddable":true,"href":"https:\/\/www.sinoglass.com\/fr\/wp-json\/wp\/v2\/product_brand?post=4670"},{"taxonomy":"product_cat","embeddable":true,"href":"https:\/\/www.sinoglass.com\/fr\/wp-json\/wp\/v2\/product_cat?post=4670"},{"taxonomy":"product_tag","embeddable":true,"href":"https:\/\/www.sinoglass.com\/fr\/wp-json\/wp\/v2\/product_tag?post=4670"}],"curies":[{"name":"WP","href":"https:\/\/api.w.org\/{rel}","templated":true}]}}