{"id":4653,"date":"2024-04-11T16:39:40","date_gmt":"2024-04-11T08:39:40","guid":{"rendered":"https:\/\/www.sinoglass.com\/?post_type=product&#038;p=4653"},"modified":"2024-04-11T16:58:29","modified_gmt":"2024-04-11T08:58:29","slug":"olive-oil-brush-dispenser","status":"publish","type":"product","link":"https:\/\/www.sinoglass.com\/fr\/product\/olive-oil-brush-dispenser\/","title":{"rendered":"Distributeur de brosse \u00e0 huile d'olive #82984012"},"content":{"rendered":"<p>Trop ou pas assez ? Avec le MERIDIAN, la quantit\u00e9 d'huile et de vinaigre est toujours juste parce que vous contr\u00f4lez le d\u00e9bit avec une presse douce de l'ampoule en silicone. La bouteille d'huile comprend \u00e9galement une brosse en silicone pour brosser la bonne quantit\u00e9 de l\u00e9gumes ou de viandes. Pour votre salade, un serrage doux vous donnera juste le vinaigre que vous voulez. Le verre borosilicate de haute qualit\u00e9 est fort et l\u00e9ger avec une large base pour la stabilit\u00e9.<\/p>","protected":false},"excerpt":{"rendered":"<ul>\n<li>Distribution contr\u00f4l\u00e9e avec une ampoule en silicone.<\/li>\n<li>Verre borosilicate de qualit\u00e9.<\/li>\n<li>Base large pour la stabilit\u00e9.<\/li>\n<\/ul>","protected":false},"featured_media":4655,"comment_status":"open","ping_status":"closed","template":"","meta":{"_acf_changed":false},"product_brand":[],"product_cat":[69],"product_tag":[],"class_list":{"0":"post-4653","1":"product","2":"type-product","3":"status-publish","4":"has-post-thumbnail","6":"product_cat-oil-dispensers","8":"first","9":"instock","10":"shipping-taxable","11":"purchasable","12":"product-type-variable"},"acf":[],"_links":{"self":[{"href":"https:\/\/www.sinoglass.com\/fr\/wp-json\/wp\/v2\/product\/4653","targetHints":{"allow":["GET"]}}],"collection":[{"href":"https:\/\/www.sinoglass.com\/fr\/wp-json\/wp\/v2\/product"}],"about":[{"href":"https:\/\/www.sinoglass.com\/fr\/wp-json\/wp\/v2\/types\/product"}],"replies":[{"embeddable":true,"href":"https:\/\/www.sinoglass.com\/fr\/wp-json\/wp\/v2\/comments?post=4653"}],"wp:featuredmedia":[{"embeddable":true,"href":"https:\/\/www.sinoglass.com\/fr\/wp-json\/wp\/v2\/media\/4655"}],"wp:attachment":[{"href":"https:\/\/www.sinoglass.com\/fr\/wp-json\/wp\/v2\/media?parent=4653"}],"wp:term":[{"taxonomy":"product_brand","embeddable":true,"href":"https:\/\/www.sinoglass.com\/fr\/wp-json\/wp\/v2\/product_brand?post=4653"},{"taxonomy":"product_cat","embeddable":true,"href":"https:\/\/www.sinoglass.com\/fr\/wp-json\/wp\/v2\/product_cat?post=4653"},{"taxonomy":"product_tag","embeddable":true,"href":"https:\/\/www.sinoglass.com\/fr\/wp-json\/wp\/v2\/product_tag?post=4653"}],"curies":[{"name":"WP","href":"https:\/\/api.w.org\/{rel}","templated":true}]}}