{"id":4586,"date":"2024-04-11T10:11:36","date_gmt":"2024-04-11T02:11:36","guid":{"rendered":"https:\/\/www.sinoglass.com\/?post_type=product&#038;p=4586"},"modified":"2025-04-21T13:52:33","modified_gmt":"2025-04-21T05:52:33","slug":"oil-dispenser-bottle-with-stand","status":"publish","type":"product","link":"https:\/\/www.sinoglass.com\/fr\/product\/oil-dispenser-bottle-with-stand\/","title":{"rendered":"Bouteille de distributeur d'huile avec stand #89611004"},"content":{"rendered":"<p>Le silicone pur pr\u00e9sente de nombreux avantages. Il scelle parfaitement, il&#8217; s facile \u00e0 nettoyer, et il a gagn\u00e9&#8217; t rompre. Avec un bouchon de poussi\u00e8re en plastique \u00e0 un doigt, le nouveau bec PURIST pourrait \u00eatre la solution que vous&#8217; Je cherche.<\/p>","protected":false},"excerpt":{"rendered":"<p>\u2022 Corps en silicone doux et pliable<br \/>\n\u2022 Capuchon \u00e0 un doigt<br \/>\n\u2022 Boit anti-goutte-\u00e0-goutte<\/p>","protected":false},"featured_media":2947,"comment_status":"open","ping_status":"closed","template":"","meta":{"_acf_changed":false},"product_brand":[],"product_cat":[69,250],"product_tag":[],"class_list":{"0":"post-4586","1":"product","2":"type-product","3":"status-publish","4":"has-post-thumbnail","6":"product_cat-oil-dispensers","7":"product_cat-oil-vinegar-dispenser","9":"first","10":"instock","11":"shipping-taxable","12":"purchasable","13":"product-type-variable"},"acf":[],"_links":{"self":[{"href":"https:\/\/www.sinoglass.com\/fr\/wp-json\/wp\/v2\/product\/4586","targetHints":{"allow":["GET"]}}],"collection":[{"href":"https:\/\/www.sinoglass.com\/fr\/wp-json\/wp\/v2\/product"}],"about":[{"href":"https:\/\/www.sinoglass.com\/fr\/wp-json\/wp\/v2\/types\/product"}],"replies":[{"embeddable":true,"href":"https:\/\/www.sinoglass.com\/fr\/wp-json\/wp\/v2\/comments?post=4586"}],"wp:featuredmedia":[{"embeddable":true,"href":"https:\/\/www.sinoglass.com\/fr\/wp-json\/wp\/v2\/media\/2947"}],"wp:attachment":[{"href":"https:\/\/www.sinoglass.com\/fr\/wp-json\/wp\/v2\/media?parent=4586"}],"wp:term":[{"taxonomy":"product_brand","embeddable":true,"href":"https:\/\/www.sinoglass.com\/fr\/wp-json\/wp\/v2\/product_brand?post=4586"},{"taxonomy":"product_cat","embeddable":true,"href":"https:\/\/www.sinoglass.com\/fr\/wp-json\/wp\/v2\/product_cat?post=4586"},{"taxonomy":"product_tag","embeddable":true,"href":"https:\/\/www.sinoglass.com\/fr\/wp-json\/wp\/v2\/product_tag?post=4586"}],"curies":[{"name":"WP","href":"https:\/\/api.w.org\/{rel}","templated":true}]}}