{"id":4491,"date":"2024-04-08T17:15:01","date_gmt":"2024-04-08T09:15:01","guid":{"rendered":"https:\/\/www.sinoglass.com\/?post_type=product&#038;p=4491"},"modified":"2024-04-08T17:35:47","modified_gmt":"2024-04-08T09:35:47","slug":"stainless-steel-spice-box","status":"publish","type":"product","link":"https:\/\/www.sinoglass.com\/fr\/product\/stainless-steel-spice-box\/","title":{"rendered":"Bo\u00eete \u00e0 \u00e9pices en acier inoxydable #8516000"},"content":{"rendered":"<p>Nous esp\u00e9rons toujours que les bocaux d'\u00e9pices sont dans un endroit convenable, comme le r\u00e9frig\u00e9rateur ou le capot de gamme. Nos pots ronds d'\u00e9pices en acier inoxydable sont \u00e9quip\u00e9s de pi\u00e8ces magn\u00e9tiques au fond, qui peuvent \u00eatre fix\u00e9es \u00e0 diverses surfaces m\u00e9talliques dans la cuisine pour un acc\u00e8s facile<\/p>","protected":false},"excerpt":{"rendered":"<ul>\n<li>Acier inoxydable hygi\u00e9nique.<\/li>\n<li>3 choix d'ouverture.<\/li>\n<li>Rack d'\u00e9pices \u00e9conomisant de l'espace.<\/li>\n<li>Fen\u00eatre de vision claire pour afficher le contenu.<\/li>\n<\/ul>","protected":false},"featured_media":4493,"comment_status":"open","ping_status":"closed","template":"","meta":{"_acf_changed":false},"product_brand":[],"product_cat":[109,70,213],"product_tag":[],"class_list":{"0":"post-4491","1":"product","2":"type-product","3":"status-publish","4":"has-post-thumbnail","6":"product_cat-magnetic-spice-jars","7":"product_cat-spice-racks","8":"product_cat-spice-rack-jars","10":"first","11":"instock","12":"shipping-taxable","13":"purchasable","14":"product-type-variable"},"acf":[],"_links":{"self":[{"href":"https:\/\/www.sinoglass.com\/fr\/wp-json\/wp\/v2\/product\/4491","targetHints":{"allow":["GET"]}}],"collection":[{"href":"https:\/\/www.sinoglass.com\/fr\/wp-json\/wp\/v2\/product"}],"about":[{"href":"https:\/\/www.sinoglass.com\/fr\/wp-json\/wp\/v2\/types\/product"}],"replies":[{"embeddable":true,"href":"https:\/\/www.sinoglass.com\/fr\/wp-json\/wp\/v2\/comments?post=4491"}],"wp:featuredmedia":[{"embeddable":true,"href":"https:\/\/www.sinoglass.com\/fr\/wp-json\/wp\/v2\/media\/4493"}],"wp:attachment":[{"href":"https:\/\/www.sinoglass.com\/fr\/wp-json\/wp\/v2\/media?parent=4491"}],"wp:term":[{"taxonomy":"product_brand","embeddable":true,"href":"https:\/\/www.sinoglass.com\/fr\/wp-json\/wp\/v2\/product_brand?post=4491"},{"taxonomy":"product_cat","embeddable":true,"href":"https:\/\/www.sinoglass.com\/fr\/wp-json\/wp\/v2\/product_cat?post=4491"},{"taxonomy":"product_tag","embeddable":true,"href":"https:\/\/www.sinoglass.com\/fr\/wp-json\/wp\/v2\/product_tag?post=4491"}],"curies":[{"name":"WP","href":"https:\/\/api.w.org\/{rel}","templated":true}]}}