{"id":4484,"date":"2024-04-08T17:02:14","date_gmt":"2024-04-08T09:02:14","guid":{"rendered":"https:\/\/www.sinoglass.com\/?post_type=product&#038;p=4484"},"modified":"2024-04-08T17:06:13","modified_gmt":"2024-04-08T09:06:13","slug":"stainless-steel-spice-rack","status":"publish","type":"product","link":"https:\/\/www.sinoglass.com\/fr\/product\/stainless-steel-spice-rack\/","title":{"rendered":"Rack d'\u00e9pices en acier inoxydable #78922001"},"content":{"rendered":"<p>Rien n'est plus facile que de tourner le haut en acier inoxydable pour obtenir la bonne quantit\u00e9 d'\u00e9pices. Le pot carr\u00e9 tient beaucoup dans un espace compact, vous pouvez donc obtenir plusieurs bouteilles pour vos \u00e9pices pr\u00e9f\u00e9r\u00e9es.<\/p>","protected":false},"excerpt":{"rendered":"<ul>\n<li>Tordez le haut en acier inoxydable pour choisir l'ouverture.<\/li>\n<li>Le pot carr\u00e9 tient beaucoup dans un espace compact.<\/li>\n<li>Un support m\u00e9tallique robuste peut contenir jusqu'\u00e0 quatre bocaux.<\/li>\n<\/ul>","protected":false},"featured_media":4486,"comment_status":"open","ping_status":"closed","template":"","meta":{"_acf_changed":false},"product_brand":[],"product_cat":[70,213],"product_tag":[],"class_list":{"0":"post-4484","1":"product","2":"type-product","3":"status-publish","4":"has-post-thumbnail","6":"product_cat-spice-racks","7":"product_cat-spice-rack-jars","9":"first","10":"instock","11":"shipping-taxable","12":"purchasable","13":"product-type-variable"},"acf":[],"_links":{"self":[{"href":"https:\/\/www.sinoglass.com\/fr\/wp-json\/wp\/v2\/product\/4484","targetHints":{"allow":["GET"]}}],"collection":[{"href":"https:\/\/www.sinoglass.com\/fr\/wp-json\/wp\/v2\/product"}],"about":[{"href":"https:\/\/www.sinoglass.com\/fr\/wp-json\/wp\/v2\/types\/product"}],"replies":[{"embeddable":true,"href":"https:\/\/www.sinoglass.com\/fr\/wp-json\/wp\/v2\/comments?post=4484"}],"wp:featuredmedia":[{"embeddable":true,"href":"https:\/\/www.sinoglass.com\/fr\/wp-json\/wp\/v2\/media\/4486"}],"wp:attachment":[{"href":"https:\/\/www.sinoglass.com\/fr\/wp-json\/wp\/v2\/media?parent=4484"}],"wp:term":[{"taxonomy":"product_brand","embeddable":true,"href":"https:\/\/www.sinoglass.com\/fr\/wp-json\/wp\/v2\/product_brand?post=4484"},{"taxonomy":"product_cat","embeddable":true,"href":"https:\/\/www.sinoglass.com\/fr\/wp-json\/wp\/v2\/product_cat?post=4484"},{"taxonomy":"product_tag","embeddable":true,"href":"https:\/\/www.sinoglass.com\/fr\/wp-json\/wp\/v2\/product_tag?post=4484"}],"curies":[{"name":"WP","href":"https:\/\/api.w.org\/{rel}","templated":true}]}}