{"id":4477,"date":"2024-04-08T16:49:24","date_gmt":"2024-04-08T08:49:24","guid":{"rendered":"https:\/\/www.sinoglass.com\/?post_type=product&#038;p=4477"},"modified":"2024-04-08T16:57:26","modified_gmt":"2024-04-08T08:57:26","slug":"spice-rack-and-spices","status":"publish","type":"product","link":"https:\/\/www.sinoglass.com\/fr\/product\/spice-rack-and-spices\/","title":{"rendered":"Rack d'\u00e9pices et \u00e9pices #79102003"},"content":{"rendered":"<p>Un tour simple, trois choix. Basique et classique, notre bouteille d'\u00e9pices EASY SPRINKLE a une forme efficace et un fonctionnement sans frills. Le porte-\u00e9pices de 12 bouteilles en option gardera tous vos favoris dans un seul endroit pratique.<\/p>","protected":false},"excerpt":{"rendered":"<ul>\n<li>Tordre le haut pour un saupoudrement ou verser.<\/li>\n<li>Con\u00e7u pour un espace compact.<\/li>\n<li>Rack \u00e0 \u00e9pices en option pour un acc\u00e8s facile.<\/li>\n<\/ul>","protected":false},"featured_media":4479,"comment_status":"open","ping_status":"closed","template":"","meta":{"_acf_changed":false},"product_brand":[],"product_cat":[70,213],"product_tag":[],"class_list":{"0":"post-4477","1":"product","2":"type-product","3":"status-publish","4":"has-post-thumbnail","6":"product_cat-spice-racks","7":"product_cat-spice-rack-jars","9":"first","10":"instock","11":"shipping-taxable","12":"purchasable","13":"product-type-variable"},"acf":[],"_links":{"self":[{"href":"https:\/\/www.sinoglass.com\/fr\/wp-json\/wp\/v2\/product\/4477","targetHints":{"allow":["GET"]}}],"collection":[{"href":"https:\/\/www.sinoglass.com\/fr\/wp-json\/wp\/v2\/product"}],"about":[{"href":"https:\/\/www.sinoglass.com\/fr\/wp-json\/wp\/v2\/types\/product"}],"replies":[{"embeddable":true,"href":"https:\/\/www.sinoglass.com\/fr\/wp-json\/wp\/v2\/comments?post=4477"}],"wp:featuredmedia":[{"embeddable":true,"href":"https:\/\/www.sinoglass.com\/fr\/wp-json\/wp\/v2\/media\/4479"}],"wp:attachment":[{"href":"https:\/\/www.sinoglass.com\/fr\/wp-json\/wp\/v2\/media?parent=4477"}],"wp:term":[{"taxonomy":"product_brand","embeddable":true,"href":"https:\/\/www.sinoglass.com\/fr\/wp-json\/wp\/v2\/product_brand?post=4477"},{"taxonomy":"product_cat","embeddable":true,"href":"https:\/\/www.sinoglass.com\/fr\/wp-json\/wp\/v2\/product_cat?post=4477"},{"taxonomy":"product_tag","embeddable":true,"href":"https:\/\/www.sinoglass.com\/fr\/wp-json\/wp\/v2\/product_tag?post=4477"}],"curies":[{"name":"WP","href":"https:\/\/api.w.org\/{rel}","templated":true}]}}