{"id":4455,"date":"2024-04-08T16:02:59","date_gmt":"2024-04-08T08:02:59","guid":{"rendered":"https:\/\/www.sinoglass.com\/?post_type=product&#038;p=4455"},"modified":"2024-04-08T16:10:19","modified_gmt":"2024-04-08T08:10:19","slug":"spice-rack-spices-included","status":"publish","type":"product","link":"https:\/\/www.sinoglass.com\/fr\/product\/spice-rack-spices-included\/","title":{"rendered":"Rack d'\u00e9pices avec \u00e9pices incluses #78812000"},"content":{"rendered":"<p>Mettez vos 16 \u00e9pices et assaisonnements les plus utilis\u00e9s dans les pots d'\u00e9pices THE RIGHT CHOICE et gardez-les ensemble dans le rack The Big Carry. Les couvercles des bocaux THE RIGHT CHOICE sont uniques de deux fa\u00e7ons: ils s'ouvrent et restent ouverts, et vous pouvez retirer la partie moyenne pour verser des assaisonnements de plus grande taille. Le support Big Carry a une conception ascendante qui vous permet de voir toutes les \u00e9pices en un coup d'\u0153il.<\/p>","protected":false},"excerpt":{"rendered":"<ul>\n<li>Conservez 16 \u00e9pices dans un seul rack.<\/li>\n<li>Poign\u00e9es faciles \u00e0 transporter pour la portabilit\u00e9.<\/li>\n<li>Conception ascenseur pour une visibilit\u00e9 pratique.<\/li>\n<li>Conception unique du couvercle pour grandes ou petites \u00e9pices.<\/li>\n<\/ul>","protected":false},"featured_media":3604,"comment_status":"open","ping_status":"closed","template":"","meta":{"_acf_changed":false},"product_brand":[],"product_cat":[70,213],"product_tag":[],"class_list":{"0":"post-4455","1":"product","2":"type-product","3":"status-publish","4":"has-post-thumbnail","6":"product_cat-spice-racks","7":"product_cat-spice-rack-jars","9":"first","10":"instock","11":"shipping-taxable","12":"purchasable","13":"product-type-variable"},"acf":[],"_links":{"self":[{"href":"https:\/\/www.sinoglass.com\/fr\/wp-json\/wp\/v2\/product\/4455","targetHints":{"allow":["GET"]}}],"collection":[{"href":"https:\/\/www.sinoglass.com\/fr\/wp-json\/wp\/v2\/product"}],"about":[{"href":"https:\/\/www.sinoglass.com\/fr\/wp-json\/wp\/v2\/types\/product"}],"replies":[{"embeddable":true,"href":"https:\/\/www.sinoglass.com\/fr\/wp-json\/wp\/v2\/comments?post=4455"}],"wp:featuredmedia":[{"embeddable":true,"href":"https:\/\/www.sinoglass.com\/fr\/wp-json\/wp\/v2\/media\/3604"}],"wp:attachment":[{"href":"https:\/\/www.sinoglass.com\/fr\/wp-json\/wp\/v2\/media?parent=4455"}],"wp:term":[{"taxonomy":"product_brand","embeddable":true,"href":"https:\/\/www.sinoglass.com\/fr\/wp-json\/wp\/v2\/product_brand?post=4455"},{"taxonomy":"product_cat","embeddable":true,"href":"https:\/\/www.sinoglass.com\/fr\/wp-json\/wp\/v2\/product_cat?post=4455"},{"taxonomy":"product_tag","embeddable":true,"href":"https:\/\/www.sinoglass.com\/fr\/wp-json\/wp\/v2\/product_tag?post=4455"}],"curies":[{"name":"WP","href":"https:\/\/api.w.org\/{rel}","templated":true}]}}