{"id":4445,"date":"2024-04-08T15:42:53","date_gmt":"2024-04-08T07:42:53","guid":{"rendered":"https:\/\/www.sinoglass.com\/?post_type=product&#038;p=4445"},"modified":"2024-04-08T15:49:28","modified_gmt":"2024-04-08T07:49:28","slug":"cabinet-racks-for-spices","status":"publish","type":"product","link":"https:\/\/www.sinoglass.com\/fr\/product\/cabinet-racks-for-spices\/","title":{"rendered":"\u00c9tiquettes pour \u00e9pices #78802004"},"content":{"rendered":"<p>La combinaison d'une bouteille courbe avec un haut flexible amusant donne une sensation d\u00e9contract\u00e9e au FLEX. Un c\u00f4t\u00e9 verse, l'autre c\u00f4t\u00e9 asperge. Qu'est-ce qui pourrait \u00eatre plus simple ?<\/p>","protected":false},"excerpt":{"rendered":"<ul>\n<li>Forme courbe et confortable.<\/li>\n<li>Choix en un seul coup pour un saupoudrement ou un versement.<\/li>\n<li>Choix de 6-pot ou 12-pot tournant rack, et 16-pot robuste rack.<\/li>\n<\/ul>","protected":false},"featured_media":3570,"comment_status":"open","ping_status":"closed","template":"","meta":{"_acf_changed":false},"product_brand":[],"product_cat":[70,213],"product_tag":[],"class_list":{"0":"post-4445","1":"product","2":"type-product","3":"status-publish","4":"has-post-thumbnail","6":"product_cat-spice-racks","7":"product_cat-spice-rack-jars","9":"first","10":"instock","11":"shipping-taxable","12":"purchasable","13":"product-type-variable"},"acf":[],"_links":{"self":[{"href":"https:\/\/www.sinoglass.com\/fr\/wp-json\/wp\/v2\/product\/4445","targetHints":{"allow":["GET"]}}],"collection":[{"href":"https:\/\/www.sinoglass.com\/fr\/wp-json\/wp\/v2\/product"}],"about":[{"href":"https:\/\/www.sinoglass.com\/fr\/wp-json\/wp\/v2\/types\/product"}],"replies":[{"embeddable":true,"href":"https:\/\/www.sinoglass.com\/fr\/wp-json\/wp\/v2\/comments?post=4445"}],"wp:featuredmedia":[{"embeddable":true,"href":"https:\/\/www.sinoglass.com\/fr\/wp-json\/wp\/v2\/media\/3570"}],"wp:attachment":[{"href":"https:\/\/www.sinoglass.com\/fr\/wp-json\/wp\/v2\/media?parent=4445"}],"wp:term":[{"taxonomy":"product_brand","embeddable":true,"href":"https:\/\/www.sinoglass.com\/fr\/wp-json\/wp\/v2\/product_brand?post=4445"},{"taxonomy":"product_cat","embeddable":true,"href":"https:\/\/www.sinoglass.com\/fr\/wp-json\/wp\/v2\/product_cat?post=4445"},{"taxonomy":"product_tag","embeddable":true,"href":"https:\/\/www.sinoglass.com\/fr\/wp-json\/wp\/v2\/product_tag?post=4445"}],"curies":[{"name":"WP","href":"https:\/\/api.w.org\/{rel}","templated":true}]}}