{"id":4165,"date":"2024-04-03T15:12:14","date_gmt":"2024-04-03T07:12:14","guid":{"rendered":"https:\/\/www.sinoglass.com\/?post_type=product&#038;p=4165"},"modified":"2024-04-03T17:03:21","modified_gmt":"2024-04-03T09:03:21","slug":"glass-sugar-dispenser","status":"publish","type":"product","link":"https:\/\/www.sinoglass.com\/fr\/product\/glass-sugar-dispenser\/","title":{"rendered":"Distributeur de sucre en verre \/ shaker au fromage #68212001"},"content":{"rendered":"<pre>Le COSMOPOLITAN dispose d'un couvercle \u00e9l\u00e9gant bagu\u00e9 d'acier inoxydable. Le serveur de fromage est un shaker simple qui correspond au distributeur de sucre. Mais le pot \u00e0 sucre est diff\u00e9rent. Son design unique verse une quantit\u00e9 mesur\u00e9e \u00e0 chaque fois. Renversez le couvercle et distribuez. Juste assez.<\/pre>","protected":false},"excerpt":{"rendered":"<ul>\n<li>Le serveur de fromage est un shaker direct.<\/li>\n<li>Couverture \u00e9l\u00e9gante d\u00e9coup\u00e9e en acier inoxydable.<\/li>\n<li>Distribution de sucre mesur\u00e9e.<\/li>\n<\/ul>","protected":false},"featured_media":4178,"comment_status":"open","ping_status":"closed","template":"","meta":{"_acf_changed":false},"product_brand":[],"product_cat":[70,111],"product_tag":[],"class_list":{"0":"post-4165","1":"product","2":"type-product","3":"status-publish","4":"has-post-thumbnail","6":"product_cat-spice-racks","7":"product_cat-sugar-jars","9":"first","10":"instock","11":"shipping-taxable","12":"purchasable","13":"product-type-variable"},"acf":[],"_links":{"self":[{"href":"https:\/\/www.sinoglass.com\/fr\/wp-json\/wp\/v2\/product\/4165","targetHints":{"allow":["GET"]}}],"collection":[{"href":"https:\/\/www.sinoglass.com\/fr\/wp-json\/wp\/v2\/product"}],"about":[{"href":"https:\/\/www.sinoglass.com\/fr\/wp-json\/wp\/v2\/types\/product"}],"replies":[{"embeddable":true,"href":"https:\/\/www.sinoglass.com\/fr\/wp-json\/wp\/v2\/comments?post=4165"}],"wp:featuredmedia":[{"embeddable":true,"href":"https:\/\/www.sinoglass.com\/fr\/wp-json\/wp\/v2\/media\/4178"}],"wp:attachment":[{"href":"https:\/\/www.sinoglass.com\/fr\/wp-json\/wp\/v2\/media?parent=4165"}],"wp:term":[{"taxonomy":"product_brand","embeddable":true,"href":"https:\/\/www.sinoglass.com\/fr\/wp-json\/wp\/v2\/product_brand?post=4165"},{"taxonomy":"product_cat","embeddable":true,"href":"https:\/\/www.sinoglass.com\/fr\/wp-json\/wp\/v2\/product_cat?post=4165"},{"taxonomy":"product_tag","embeddable":true,"href":"https:\/\/www.sinoglass.com\/fr\/wp-json\/wp\/v2\/product_tag?post=4165"}],"curies":[{"name":"WP","href":"https:\/\/api.w.org\/{rel}","templated":true}]}}