{"id":4125,"date":"2024-04-02T17:26:34","date_gmt":"2024-04-02T09:26:34","guid":{"rendered":"https:\/\/www.sinoglass.com\/?post_type=product&#038;p=4125"},"modified":"2024-04-02T17:51:54","modified_gmt":"2024-04-02T09:51:54","slug":"glass-sugar-jar","status":"publish","type":"product","link":"https:\/\/www.sinoglass.com\/fr\/product\/glass-sugar-jar\/","title":{"rendered":"Boc \u00e0 sucre en verre avec couvercle #68262001"},"content":{"rendered":"<pre>Ne pas utiliser une cuill\u00e8re, utilisez le POUR-&amp;  - Allez. Chaque versement du pot de forme confortable vous donne une cuill\u00e8re \u00e0 caf\u00e9 de sucre o\u00f9 que vous en ayez besoin. Choisissez la couleur qui convient \u00e0 votre go\u00fbt.<\/pre>","protected":false},"excerpt":{"rendered":"<ul>\n<li>Un verser, une quantit\u00e9 mesur\u00e9e.<\/li>\n<li>Forme confortable en verre hygi\u00e9nique.<\/li>\n<li>Choix des couleurs du couvercle.<\/li>\n<\/ul>","protected":false},"featured_media":4128,"comment_status":"open","ping_status":"closed","template":"","meta":{"_acf_changed":false},"product_brand":[],"product_cat":[70,111],"product_tag":[],"class_list":{"0":"post-4125","1":"product","2":"type-product","3":"status-publish","4":"has-post-thumbnail","6":"product_cat-spice-racks","7":"product_cat-sugar-jars","9":"first","10":"instock","11":"shipping-taxable","12":"purchasable","13":"product-type-variable"},"acf":[],"_links":{"self":[{"href":"https:\/\/www.sinoglass.com\/fr\/wp-json\/wp\/v2\/product\/4125","targetHints":{"allow":["GET"]}}],"collection":[{"href":"https:\/\/www.sinoglass.com\/fr\/wp-json\/wp\/v2\/product"}],"about":[{"href":"https:\/\/www.sinoglass.com\/fr\/wp-json\/wp\/v2\/types\/product"}],"replies":[{"embeddable":true,"href":"https:\/\/www.sinoglass.com\/fr\/wp-json\/wp\/v2\/comments?post=4125"}],"wp:featuredmedia":[{"embeddable":true,"href":"https:\/\/www.sinoglass.com\/fr\/wp-json\/wp\/v2\/media\/4128"}],"wp:attachment":[{"href":"https:\/\/www.sinoglass.com\/fr\/wp-json\/wp\/v2\/media?parent=4125"}],"wp:term":[{"taxonomy":"product_brand","embeddable":true,"href":"https:\/\/www.sinoglass.com\/fr\/wp-json\/wp\/v2\/product_brand?post=4125"},{"taxonomy":"product_cat","embeddable":true,"href":"https:\/\/www.sinoglass.com\/fr\/wp-json\/wp\/v2\/product_cat?post=4125"},{"taxonomy":"product_tag","embeddable":true,"href":"https:\/\/www.sinoglass.com\/fr\/wp-json\/wp\/v2\/product_tag?post=4125"}],"curies":[{"name":"WP","href":"https:\/\/api.w.org\/{rel}","templated":true}]}}