{"id":4112,"date":"2024-04-02T16:09:05","date_gmt":"2024-04-02T08:09:05","guid":{"rendered":"https:\/\/www.sinoglass.com\/?post_type=product&#038;p=4112"},"modified":"2024-04-17T17:39:58","modified_gmt":"2024-04-17T09:39:58","slug":"airtight-spice-jars","status":"publish","type":"product","link":"https:\/\/www.sinoglass.com\/fr\/product\/airtight-spice-jars\/","title":{"rendered":"Bocs d'\u00e9pices \u00e9tanches avec cuill\u00e8re #79371002"},"content":{"rendered":"<p>Le FLIP LID est grand et r\u00e9sistant \u00e0 l'humidit\u00e9. Parce que le silicone doux scelle un plein 360 \u00b0, il&#8217; s pas besoin de s'inqui\u00e9ter de l'humidit\u00e9 ou de la perte de saveur. Appuyez sur le bouton, le couvercle se retourne enti\u00e8rement ouvert \u00e0 260\u00b0 pour un acc\u00e8s sans entrave aux ingr\u00e9dients et pour un remplissage pratique.<\/p>","protected":false},"excerpt":{"rendered":"<ul>\n<li>Op\u00e9ration \u00e0 une main, couvercle basculable \u00e0 un bouton, simple et rapide.<\/li>\n<li>Manche confortable et ergonomique 360\u00b0 en silicone scelle l'humidit\u00e9.<\/li>\n<li>Couverture autoverrouillante, conception \u00e0 l'\u00e9preuve, double \u00e9tanch\u00e9it\u00e9<\/li>\n<li>2g cuill\u00e8re de capacit\u00e9, mat\u00e9riau de qualit\u00e9 alimentaire, s\u00fbr pour l'assaisonnement; conception pour un remplissage facile, pas de couverture sup\u00e9rieure.<\/li>\n<\/ul>","protected":false},"featured_media":4114,"comment_status":"open","ping_status":"closed","template":"","meta":{"_acf_changed":false},"product_brand":[],"product_cat":[108,70,111],"product_tag":[],"class_list":{"0":"post-4112","1":"product","2":"type-product","3":"status-publish","4":"has-post-thumbnail","6":"product_cat-spice-jars","7":"product_cat-spice-racks","8":"product_cat-sugar-jars","10":"first","11":"instock","12":"shipping-taxable","13":"purchasable","14":"product-type-variable"},"acf":[],"_links":{"self":[{"href":"https:\/\/www.sinoglass.com\/fr\/wp-json\/wp\/v2\/product\/4112","targetHints":{"allow":["GET"]}}],"collection":[{"href":"https:\/\/www.sinoglass.com\/fr\/wp-json\/wp\/v2\/product"}],"about":[{"href":"https:\/\/www.sinoglass.com\/fr\/wp-json\/wp\/v2\/types\/product"}],"replies":[{"embeddable":true,"href":"https:\/\/www.sinoglass.com\/fr\/wp-json\/wp\/v2\/comments?post=4112"}],"wp:featuredmedia":[{"embeddable":true,"href":"https:\/\/www.sinoglass.com\/fr\/wp-json\/wp\/v2\/media\/4114"}],"wp:attachment":[{"href":"https:\/\/www.sinoglass.com\/fr\/wp-json\/wp\/v2\/media?parent=4112"}],"wp:term":[{"taxonomy":"product_brand","embeddable":true,"href":"https:\/\/www.sinoglass.com\/fr\/wp-json\/wp\/v2\/product_brand?post=4112"},{"taxonomy":"product_cat","embeddable":true,"href":"https:\/\/www.sinoglass.com\/fr\/wp-json\/wp\/v2\/product_cat?post=4112"},{"taxonomy":"product_tag","embeddable":true,"href":"https:\/\/www.sinoglass.com\/fr\/wp-json\/wp\/v2\/product_tag?post=4112"}],"curies":[{"name":"WP","href":"https:\/\/api.w.org\/{rel}","templated":true}]}}