{"id":4106,"date":"2024-04-02T15:48:59","date_gmt":"2024-04-02T07:48:59","guid":{"rendered":"https:\/\/www.sinoglass.com\/?post_type=product&#038;p=4106"},"modified":"2024-04-02T16:05:29","modified_gmt":"2024-04-02T08:05:29","slug":"glass-jar-for-spices","status":"publish","type":"product","link":"https:\/\/www.sinoglass.com\/fr\/product\/glass-jar-for-spices\/","title":{"rendered":"Boc en verre pour \u00e9pices #85761001"},"content":{"rendered":"<pre>C'est une bonne id\u00e9e de contr\u00f4ler la quantit\u00e9 d'assaisonnement en choisissant diff\u00e9rentes ouvertures. Il suffit de faire tourner le haut du couvercle pour choisir parmi trois tailles diff\u00e9rentes d'ouvertures. Bien s\u00fbr, vous devrez d'abord retirer le couvercle transparent \u00e0 l'\u00e9preuve de poussi\u00e8re.<\/pre>","protected":false},"excerpt":{"rendered":"<ul>\n<li>Tordez le haut transparent pour choisir parmi trois ouvertures.<\/li>\n<li>Enlevez le haut pour un nettoyage facile<\/li>\n<\/ul>","protected":false},"featured_media":4108,"comment_status":"open","ping_status":"closed","template":"","meta":{"_acf_changed":false},"product_brand":[],"product_cat":[108,70],"product_tag":[],"class_list":{"0":"post-4106","1":"product","2":"type-product","3":"status-publish","4":"has-post-thumbnail","6":"product_cat-spice-jars","7":"product_cat-spice-racks","9":"first","10":"instock","11":"shipping-taxable","12":"purchasable","13":"product-type-variable"},"acf":[],"_links":{"self":[{"href":"https:\/\/www.sinoglass.com\/fr\/wp-json\/wp\/v2\/product\/4106","targetHints":{"allow":["GET"]}}],"collection":[{"href":"https:\/\/www.sinoglass.com\/fr\/wp-json\/wp\/v2\/product"}],"about":[{"href":"https:\/\/www.sinoglass.com\/fr\/wp-json\/wp\/v2\/types\/product"}],"replies":[{"embeddable":true,"href":"https:\/\/www.sinoglass.com\/fr\/wp-json\/wp\/v2\/comments?post=4106"}],"wp:featuredmedia":[{"embeddable":true,"href":"https:\/\/www.sinoglass.com\/fr\/wp-json\/wp\/v2\/media\/4108"}],"wp:attachment":[{"href":"https:\/\/www.sinoglass.com\/fr\/wp-json\/wp\/v2\/media?parent=4106"}],"wp:term":[{"taxonomy":"product_brand","embeddable":true,"href":"https:\/\/www.sinoglass.com\/fr\/wp-json\/wp\/v2\/product_brand?post=4106"},{"taxonomy":"product_cat","embeddable":true,"href":"https:\/\/www.sinoglass.com\/fr\/wp-json\/wp\/v2\/product_cat?post=4106"},{"taxonomy":"product_tag","embeddable":true,"href":"https:\/\/www.sinoglass.com\/fr\/wp-json\/wp\/v2\/product_tag?post=4106"}],"curies":[{"name":"WP","href":"https:\/\/api.w.org\/{rel}","templated":true}]}}