{"id":4069,"date":"2024-03-29T16:34:16","date_gmt":"2024-03-29T08:34:16","guid":{"rendered":"https:\/\/www.sinoglass.com\/?post_type=product&#038;p=4069"},"modified":"2024-03-29T16:59:40","modified_gmt":"2024-03-29T08:59:40","slug":"stainless-steel-salt-pepper-shakers","status":"publish","type":"product","link":"https:\/\/www.sinoglass.com\/fr\/product\/stainless-steel-salt-pepper-shakers\/","title":{"rendered":"Shakers sel poivre en acier inoxydable #79252001"},"content":{"rendered":"<p>Deux fois plus d'\u00e9pice dans la moiti\u00e9 de l'espace! Avec le DOUBLESPICE, vous pouvez choisir quelles assaisonnements associer le plus facilement. Sel et poivre, cannelle et sucre, vous le nommez. Chaque c\u00f4t\u00e9 a les m\u00eames ouvertures \u00e0 3 choix, r\u00e9v\u00e9l\u00e9es avec un flick du couvercle.<\/p>","protected":false},"excerpt":{"rendered":"<ul>\n<li>Deux \u00e9pices dans un pot.<\/li>\n<li>Construction robuste en acier inoxydable.<\/li>\n<li>Racks d'\u00e9pices disponibles.<\/li>\n<li>Voir en haut.<\/li>\n<\/ul>","protected":false},"featured_media":4071,"comment_status":"open","ping_status":"closed","template":"","meta":{"_acf_changed":false},"product_brand":[],"product_cat":[109,108,70],"product_tag":[],"class_list":{"0":"post-4069","1":"product","2":"type-product","3":"status-publish","4":"has-post-thumbnail","6":"product_cat-magnetic-spice-jars","7":"product_cat-spice-jars","8":"product_cat-spice-racks","10":"first","11":"instock","12":"shipping-taxable","13":"purchasable","14":"product-type-variable"},"acf":[],"_links":{"self":[{"href":"https:\/\/www.sinoglass.com\/fr\/wp-json\/wp\/v2\/product\/4069","targetHints":{"allow":["GET"]}}],"collection":[{"href":"https:\/\/www.sinoglass.com\/fr\/wp-json\/wp\/v2\/product"}],"about":[{"href":"https:\/\/www.sinoglass.com\/fr\/wp-json\/wp\/v2\/types\/product"}],"replies":[{"embeddable":true,"href":"https:\/\/www.sinoglass.com\/fr\/wp-json\/wp\/v2\/comments?post=4069"}],"wp:featuredmedia":[{"embeddable":true,"href":"https:\/\/www.sinoglass.com\/fr\/wp-json\/wp\/v2\/media\/4071"}],"wp:attachment":[{"href":"https:\/\/www.sinoglass.com\/fr\/wp-json\/wp\/v2\/media?parent=4069"}],"wp:term":[{"taxonomy":"product_brand","embeddable":true,"href":"https:\/\/www.sinoglass.com\/fr\/wp-json\/wp\/v2\/product_brand?post=4069"},{"taxonomy":"product_cat","embeddable":true,"href":"https:\/\/www.sinoglass.com\/fr\/wp-json\/wp\/v2\/product_cat?post=4069"},{"taxonomy":"product_tag","embeddable":true,"href":"https:\/\/www.sinoglass.com\/fr\/wp-json\/wp\/v2\/product_tag?post=4069"}],"curies":[{"name":"WP","href":"https:\/\/api.w.org\/{rel}","templated":true}]}}