{"id":4056,"date":"2024-03-29T16:03:24","date_gmt":"2024-03-29T08:03:24","guid":{"rendered":"https:\/\/www.sinoglass.com\/?post_type=product&#038;p=4056"},"modified":"2024-03-29T16:39:30","modified_gmt":"2024-03-29T08:39:30","slug":"magnetic-spice-jars","status":"publish","type":"product","link":"https:\/\/www.sinoglass.com\/fr\/product\/magnetic-spice-jars\/","title":{"rendered":"Bocs d'\u00e9pices magn\u00e9tiques #79302002"},"content":{"rendered":"<p>VISION-3 est un pot d'\u00e9pices en acier inoxydable avec 3 options d'ouverture. Le couvercle est facile \u00e0 enlever et vous saurez quand il est temps de se remplir parce que vous pouvez voir les \u00e9pices \u00e0 travers la fen\u00eatre de vision claire. Une base magn\u00e9tique vous permet de vous fixer \u00e0 un r\u00e9frig\u00e9rateur, ou vous pouvez utiliser le porte-\u00e9pices \u00e0 6 bocaux disponible.<\/p>","protected":false},"excerpt":{"rendered":"<ul>\n<li>Acier inoxydable hygi\u00e9nique.<\/li>\n<li>3 choix d'ouverture.<\/li>\n<li>Rack d'\u00e9pices \u00e9conomisant de l'espace.<\/li>\n<li>Fen\u00eatre de vision claire pour afficher le contenu.<\/li>\n<\/ul>","protected":false},"featured_media":4062,"comment_status":"open","ping_status":"closed","template":"","meta":{"_acf_changed":false},"product_brand":[],"product_cat":[109,108,70],"product_tag":[],"class_list":{"0":"post-4056","1":"product","2":"type-product","3":"status-publish","4":"has-post-thumbnail","6":"product_cat-magnetic-spice-jars","7":"product_cat-spice-jars","8":"product_cat-spice-racks","10":"first","11":"instock","12":"shipping-taxable","13":"purchasable","14":"product-type-variable"},"acf":[],"_links":{"self":[{"href":"https:\/\/www.sinoglass.com\/fr\/wp-json\/wp\/v2\/product\/4056","targetHints":{"allow":["GET"]}}],"collection":[{"href":"https:\/\/www.sinoglass.com\/fr\/wp-json\/wp\/v2\/product"}],"about":[{"href":"https:\/\/www.sinoglass.com\/fr\/wp-json\/wp\/v2\/types\/product"}],"replies":[{"embeddable":true,"href":"https:\/\/www.sinoglass.com\/fr\/wp-json\/wp\/v2\/comments?post=4056"}],"wp:featuredmedia":[{"embeddable":true,"href":"https:\/\/www.sinoglass.com\/fr\/wp-json\/wp\/v2\/media\/4062"}],"wp:attachment":[{"href":"https:\/\/www.sinoglass.com\/fr\/wp-json\/wp\/v2\/media?parent=4056"}],"wp:term":[{"taxonomy":"product_brand","embeddable":true,"href":"https:\/\/www.sinoglass.com\/fr\/wp-json\/wp\/v2\/product_brand?post=4056"},{"taxonomy":"product_cat","embeddable":true,"href":"https:\/\/www.sinoglass.com\/fr\/wp-json\/wp\/v2\/product_cat?post=4056"},{"taxonomy":"product_tag","embeddable":true,"href":"https:\/\/www.sinoglass.com\/fr\/wp-json\/wp\/v2\/product_tag?post=4056"}],"curies":[{"name":"WP","href":"https:\/\/api.w.org\/{rel}","templated":true}]}}