{"id":4035,"date":"2024-03-29T14:27:29","date_gmt":"2024-03-29T06:27:29","guid":{"rendered":"https:\/\/www.sinoglass.com\/?post_type=product&#038;p=4035"},"modified":"2024-03-29T14:54:51","modified_gmt":"2024-03-29T06:54:51","slug":"spice-containers-glass","status":"publish","type":"product","link":"https:\/\/www.sinoglass.com\/fr\/product\/spice-containers-glass\/","title":{"rendered":"Conteneurs d'\u00e9pices en verre #78641002"},"content":{"rendered":"<p>Ce pot d'\u00e9pices poss\u00e8de non seulement un design \u00e9l\u00e9gant qui convient \u00e0 votre cuisine, mais il est \u00e9galement livr\u00e9 avec trois ouvertures diff\u00e9rentes sur le couvercle pour accueillir diverses assaisonnements. Il suffit de tourner le couvercle pour s\u00e9lectionner l'ouverture appropri\u00e9e parmi les trois.<\/p>","protected":false},"excerpt":{"rendered":"<ul>\n<li>Quelles \u00e9pices utilisez-vous le plus ? Gardez vos 6 \u00e9pices pr\u00e9f\u00e9r\u00e9es \u00e0 port\u00e9e de main accessible dans un rack compact.<\/li>\n<li>Appliquer la quantit\u00e9 parfaite. Nos bouteilles d'assaisonnement sont facilement r\u00e9glables pour un saupoudrement ou un versement.<\/li>\n<li>Fabriqu\u00e9 en verre hygi\u00e9nique respectueux de l'environnement.<\/li>\n<\/ul>","protected":false},"featured_media":4039,"comment_status":"open","ping_status":"closed","template":"","meta":{"_acf_changed":false},"product_brand":[],"product_cat":[108,70],"product_tag":[],"class_list":{"0":"post-4035","1":"product","2":"type-product","3":"status-publish","4":"has-post-thumbnail","6":"product_cat-spice-jars","7":"product_cat-spice-racks","9":"first","10":"instock","11":"shipping-taxable","12":"purchasable","13":"product-type-variable"},"acf":[],"_links":{"self":[{"href":"https:\/\/www.sinoglass.com\/fr\/wp-json\/wp\/v2\/product\/4035","targetHints":{"allow":["GET"]}}],"collection":[{"href":"https:\/\/www.sinoglass.com\/fr\/wp-json\/wp\/v2\/product"}],"about":[{"href":"https:\/\/www.sinoglass.com\/fr\/wp-json\/wp\/v2\/types\/product"}],"replies":[{"embeddable":true,"href":"https:\/\/www.sinoglass.com\/fr\/wp-json\/wp\/v2\/comments?post=4035"}],"wp:featuredmedia":[{"embeddable":true,"href":"https:\/\/www.sinoglass.com\/fr\/wp-json\/wp\/v2\/media\/4039"}],"wp:attachment":[{"href":"https:\/\/www.sinoglass.com\/fr\/wp-json\/wp\/v2\/media?parent=4035"}],"wp:term":[{"taxonomy":"product_brand","embeddable":true,"href":"https:\/\/www.sinoglass.com\/fr\/wp-json\/wp\/v2\/product_brand?post=4035"},{"taxonomy":"product_cat","embeddable":true,"href":"https:\/\/www.sinoglass.com\/fr\/wp-json\/wp\/v2\/product_cat?post=4035"},{"taxonomy":"product_tag","embeddable":true,"href":"https:\/\/www.sinoglass.com\/fr\/wp-json\/wp\/v2\/product_tag?post=4035"}],"curies":[{"name":"WP","href":"https:\/\/api.w.org\/{rel}","templated":true}]}}