{"id":4022,"date":"2024-03-29T13:57:01","date_gmt":"2024-03-29T05:57:01","guid":{"rendered":"https:\/\/www.sinoglass.com\/?post_type=product&#038;p=4022"},"modified":"2024-03-29T14:13:43","modified_gmt":"2024-03-29T06:13:43","slug":"glass-spice-shaker-jars","status":"publish","type":"product","link":"https:\/\/www.sinoglass.com\/fr\/product\/glass-spice-shaker-jars\/","title":{"rendered":"Jars shaker d'\u00e9pices en verre #78752001"},"content":{"rendered":"<p>Un tour simple, trois choix. Basique et classique, notre bouteille d'\u00e9pices EASY SPRINKLE a une forme efficace et un fonctionnement sans frills. Le porte-\u00e9pices de 12 bouteilles en option gardera tous vos favoris dans un seul endroit pratique.<\/p>","protected":false},"excerpt":{"rendered":"<ul>\n<li>Tordez le haut gris froid transparent pour choisir parmi trois ouvertures.<\/li>\n<li>Forme carr\u00e9e pour un espace compact.<\/li>\n<li>Rack \u00e0 \u00e9pices en option pour un acc\u00e8s facile.<\/li>\n<\/ul>","protected":false},"featured_media":4026,"comment_status":"open","ping_status":"closed","template":"","meta":{"_acf_changed":false},"product_brand":[],"product_cat":[108,70],"product_tag":[],"class_list":{"0":"post-4022","1":"product","2":"type-product","3":"status-publish","4":"has-post-thumbnail","6":"product_cat-spice-jars","7":"product_cat-spice-racks","9":"first","10":"instock","11":"shipping-taxable","12":"purchasable","13":"product-type-variable"},"acf":[],"_links":{"self":[{"href":"https:\/\/www.sinoglass.com\/fr\/wp-json\/wp\/v2\/product\/4022","targetHints":{"allow":["GET"]}}],"collection":[{"href":"https:\/\/www.sinoglass.com\/fr\/wp-json\/wp\/v2\/product"}],"about":[{"href":"https:\/\/www.sinoglass.com\/fr\/wp-json\/wp\/v2\/types\/product"}],"replies":[{"embeddable":true,"href":"https:\/\/www.sinoglass.com\/fr\/wp-json\/wp\/v2\/comments?post=4022"}],"wp:featuredmedia":[{"embeddable":true,"href":"https:\/\/www.sinoglass.com\/fr\/wp-json\/wp\/v2\/media\/4026"}],"wp:attachment":[{"href":"https:\/\/www.sinoglass.com\/fr\/wp-json\/wp\/v2\/media?parent=4022"}],"wp:term":[{"taxonomy":"product_brand","embeddable":true,"href":"https:\/\/www.sinoglass.com\/fr\/wp-json\/wp\/v2\/product_brand?post=4022"},{"taxonomy":"product_cat","embeddable":true,"href":"https:\/\/www.sinoglass.com\/fr\/wp-json\/wp\/v2\/product_cat?post=4022"},{"taxonomy":"product_tag","embeddable":true,"href":"https:\/\/www.sinoglass.com\/fr\/wp-json\/wp\/v2\/product_tag?post=4022"}],"curies":[{"name":"WP","href":"https:\/\/api.w.org\/{rel}","templated":true}]}}