{"id":4010,"date":"2024-03-29T13:19:23","date_gmt":"2024-03-29T05:19:23","guid":{"rendered":"https:\/\/www.sinoglass.com\/?post_type=product&#038;p=4010"},"modified":"2024-03-29T13:23:53","modified_gmt":"2024-03-29T05:23:53","slug":"square-spice-jar","status":"publish","type":"product","link":"https:\/\/www.sinoglass.com\/fr\/product\/square-spice-jar\/","title":{"rendered":"Couverture de shaker de pot d'\u00e9pices carr\u00e9 #7899200001"},"content":{"rendered":"<p>Le TUXEDO est notre nouveau pot d'assaisonnement \u00e0 un doigt. Le m\u00e9canisme simple d'ouverture et de fermeture \u00e0 une seule pression est robuste et \u00e9l\u00e9gant.<\/p>","protected":false},"excerpt":{"rendered":"<ul>\n<li>Op\u00e9ration simple d'un pouce.<\/li>\n<li>Le couvercle se ferme bien lorsqu'il est ferm\u00e9.<\/li>\n<li>Op\u00e9ration unique en caoutchouc \u00ab ressort \u00bb.<\/li>\n<li>Deux types d'\u00e9tag\u00e8re m\u00e9tallique avec 6 pots ou plateau rotatif avec 8 pots.<\/li>\n<\/ul>","protected":false},"featured_media":3881,"comment_status":"open","ping_status":"closed","template":"","meta":{"_acf_changed":false},"product_brand":[],"product_cat":[108,70],"product_tag":[],"class_list":{"0":"post-4010","1":"product","2":"type-product","3":"status-publish","4":"has-post-thumbnail","6":"product_cat-spice-jars","7":"product_cat-spice-racks","9":"first","10":"instock","11":"shipping-taxable","12":"purchasable","13":"product-type-variable"},"acf":[],"_links":{"self":[{"href":"https:\/\/www.sinoglass.com\/fr\/wp-json\/wp\/v2\/product\/4010","targetHints":{"allow":["GET"]}}],"collection":[{"href":"https:\/\/www.sinoglass.com\/fr\/wp-json\/wp\/v2\/product"}],"about":[{"href":"https:\/\/www.sinoglass.com\/fr\/wp-json\/wp\/v2\/types\/product"}],"replies":[{"embeddable":true,"href":"https:\/\/www.sinoglass.com\/fr\/wp-json\/wp\/v2\/comments?post=4010"}],"wp:featuredmedia":[{"embeddable":true,"href":"https:\/\/www.sinoglass.com\/fr\/wp-json\/wp\/v2\/media\/3881"}],"wp:attachment":[{"href":"https:\/\/www.sinoglass.com\/fr\/wp-json\/wp\/v2\/media?parent=4010"}],"wp:term":[{"taxonomy":"product_brand","embeddable":true,"href":"https:\/\/www.sinoglass.com\/fr\/wp-json\/wp\/v2\/product_brand?post=4010"},{"taxonomy":"product_cat","embeddable":true,"href":"https:\/\/www.sinoglass.com\/fr\/wp-json\/wp\/v2\/product_cat?post=4010"},{"taxonomy":"product_tag","embeddable":true,"href":"https:\/\/www.sinoglass.com\/fr\/wp-json\/wp\/v2\/product_tag?post=4010"}],"curies":[{"name":"WP","href":"https:\/\/api.w.org\/{rel}","templated":true}]}}