{"id":4008,"date":"2024-03-29T13:14:36","date_gmt":"2024-03-29T05:14:36","guid":{"rendered":"https:\/\/www.sinoglass.com\/?post_type=product&#038;p=4008"},"modified":"2024-03-29T13:19:15","modified_gmt":"2024-03-29T05:19:15","slug":"empty-spice-jars","status":"publish","type":"product","link":"https:\/\/www.sinoglass.com\/fr\/product\/empty-spice-jars\/","title":{"rendered":"Bocs d'\u00e9pices vides-Flip Top #7861100201"},"content":{"rendered":"<p>Prenez les THUMBS ! tournez le couvercle, et les \u00ab ressorts \u00bb en caoutchouc uniques font le reste. Le couvercle se retourne tout le chemin pour un saupoudrement sans entrave de l\u2019\u00e9pice de votre choix. Parfait pour le sel, le poivre, la cannelle et d'autres assaisonnements.<\/p>","protected":false},"excerpt":{"rendered":"<ul>\n<li>Op\u00e9ration simple d'un pouce.<\/li>\n<li>Le couvercle se ferme bien lorsqu'il est ferm\u00e9.<\/li>\n<li>Op\u00e9ration unique en caoutchouc \u00ab ressort \u00bb.<\/li>\n<li>Deux types d'\u00e9tag\u00e8re m\u00e9tallique avec 6 pots ou plateau rotatif avec 8 pots.<\/li>\n<\/ul>","protected":false},"featured_media":3877,"comment_status":"open","ping_status":"closed","template":"","meta":{"_acf_changed":false},"product_brand":[],"product_cat":[108,70],"product_tag":[],"class_list":{"0":"post-4008","1":"product","2":"type-product","3":"status-publish","4":"has-post-thumbnail","6":"product_cat-spice-jars","7":"product_cat-spice-racks","9":"first","10":"instock","11":"shipping-taxable","12":"purchasable","13":"product-type-variable"},"acf":[],"_links":{"self":[{"href":"https:\/\/www.sinoglass.com\/fr\/wp-json\/wp\/v2\/product\/4008","targetHints":{"allow":["GET"]}}],"collection":[{"href":"https:\/\/www.sinoglass.com\/fr\/wp-json\/wp\/v2\/product"}],"about":[{"href":"https:\/\/www.sinoglass.com\/fr\/wp-json\/wp\/v2\/types\/product"}],"replies":[{"embeddable":true,"href":"https:\/\/www.sinoglass.com\/fr\/wp-json\/wp\/v2\/comments?post=4008"}],"wp:featuredmedia":[{"embeddable":true,"href":"https:\/\/www.sinoglass.com\/fr\/wp-json\/wp\/v2\/media\/3877"}],"wp:attachment":[{"href":"https:\/\/www.sinoglass.com\/fr\/wp-json\/wp\/v2\/media?parent=4008"}],"wp:term":[{"taxonomy":"product_brand","embeddable":true,"href":"https:\/\/www.sinoglass.com\/fr\/wp-json\/wp\/v2\/product_brand?post=4008"},{"taxonomy":"product_cat","embeddable":true,"href":"https:\/\/www.sinoglass.com\/fr\/wp-json\/wp\/v2\/product_cat?post=4008"},{"taxonomy":"product_tag","embeddable":true,"href":"https:\/\/www.sinoglass.com\/fr\/wp-json\/wp\/v2\/product_tag?post=4008"}],"curies":[{"name":"WP","href":"https:\/\/api.w.org\/{rel}","templated":true}]}}