{"id":3980,"date":"2024-03-29T10:49:21","date_gmt":"2024-03-29T02:49:21","guid":{"rendered":"https:\/\/www.sinoglass.com\/?post_type=product&#038;p=3980"},"modified":"2024-03-29T11:47:45","modified_gmt":"2024-03-29T03:47:45","slug":"pepper-and-salt-dispenser","status":"publish","type":"product","link":"https:\/\/www.sinoglass.com\/fr\/product\/pepper-and-salt-dispenser\/","title":{"rendered":"Distributeur de poivre et de sel #8574A000"},"content":{"rendered":"<p>Avec un couvercle \u00e9l\u00e9gant noir et en acier inoxydable disponible sur deux de nos formes populaires de pot d\u2019\u00e9pices, le LITTLE EYE est id\u00e9al \u00e0 regarder, mais il est \u00e9galement id\u00e9al \u00e0 regarder. Incorpor\u00e9 dans le haut est une petite loupe qui vous permet de voir clairement le contenu du pot. Un tour du haut vous donne trois choix d'ouvertures pour vos saveurs pr\u00e9f\u00e9r\u00e9es.<\/p>","protected":false},"excerpt":{"rendered":"<ul>\n<li>Boc de forme ergonomique pour une prise pratique.<\/li>\n<li>La forme du corps laisse de l'espace entre les bocaux permettant une prise facile lorsque les bocaux sont align\u00e9s.<\/li>\n<li>Tordez le haut transparent pour choisir parmi 3 ouvertures.<\/li>\n<li>Rack m\u00e9tallique robuste tient 6 bocaux pour un transport pratique.<\/li>\n<\/ul>","protected":false},"featured_media":3871,"comment_status":"open","ping_status":"closed","template":"","meta":{"_acf_changed":false},"product_brand":[],"product_cat":[108,70],"product_tag":[],"class_list":{"0":"post-3980","1":"product","2":"type-product","3":"status-publish","4":"has-post-thumbnail","6":"product_cat-spice-jars","7":"product_cat-spice-racks","9":"first","10":"instock","11":"shipping-taxable","12":"purchasable","13":"product-type-variable"},"acf":[],"_links":{"self":[{"href":"https:\/\/www.sinoglass.com\/fr\/wp-json\/wp\/v2\/product\/3980","targetHints":{"allow":["GET"]}}],"collection":[{"href":"https:\/\/www.sinoglass.com\/fr\/wp-json\/wp\/v2\/product"}],"about":[{"href":"https:\/\/www.sinoglass.com\/fr\/wp-json\/wp\/v2\/types\/product"}],"replies":[{"embeddable":true,"href":"https:\/\/www.sinoglass.com\/fr\/wp-json\/wp\/v2\/comments?post=3980"}],"wp:featuredmedia":[{"embeddable":true,"href":"https:\/\/www.sinoglass.com\/fr\/wp-json\/wp\/v2\/media\/3871"}],"wp:attachment":[{"href":"https:\/\/www.sinoglass.com\/fr\/wp-json\/wp\/v2\/media?parent=3980"}],"wp:term":[{"taxonomy":"product_brand","embeddable":true,"href":"https:\/\/www.sinoglass.com\/fr\/wp-json\/wp\/v2\/product_brand?post=3980"},{"taxonomy":"product_cat","embeddable":true,"href":"https:\/\/www.sinoglass.com\/fr\/wp-json\/wp\/v2\/product_cat?post=3980"},{"taxonomy":"product_tag","embeddable":true,"href":"https:\/\/www.sinoglass.com\/fr\/wp-json\/wp\/v2\/product_tag?post=3980"}],"curies":[{"name":"WP","href":"https:\/\/api.w.org\/{rel}","templated":true}]}}