{"id":3932,"date":"2024-03-26T15:02:38","date_gmt":"2024-03-26T07:02:38","guid":{"rendered":"https:\/\/www.sinoglass.com\/?post_type=product&#038;p=3932"},"modified":"2024-03-29T09:55:51","modified_gmt":"2024-03-29T01:55:51","slug":"spice-rack-organizer-rotating","status":"publish","type":"product","link":"https:\/\/www.sinoglass.com\/fr\/product\/spice-rack-organizer-rotating\/","title":{"rendered":"Organisateur de rack d'\u00e9pices tournant #8631002"},"content":{"rendered":"<p>Le verre et l'acier inoxydable sont deux mat\u00e9riaux qui peuvent \u00eatre consid\u00e9r\u00e9s comme repr\u00e9sentants de l'\u00e9l\u00e9gance haut de gamme dans la cuisine. Nous avons combin\u00e9 des pots en verre avec des couvercles en acier inoxydable pour cr\u00e9er l'outil ultime pour le stockage et l'utilisation des \u00e9pices. De plus, nous offrons deux \u00e9tag\u00e8res rotatifs pouvant contenir 6 ou 12 bocaux d'\u00e9pices chacun pour vous choisir.<\/p>","protected":false},"excerpt":{"rendered":"<ul>\n<li>Choisissez parmi trois ouvertures en tournant le haut.<\/li>\n<li>Le couvercle en acier inoxydable sur un pot en verre transparent permet de garder les \u00e9pices fra\u00eeches.<\/li>\n<li>Choix de 6-pot ou 12-pot \u00e9tag\u00e8re rotatif pour un acc\u00e8s facile.<\/li>\n<\/ul>","protected":false},"featured_media":3934,"comment_status":"open","ping_status":"closed","template":"","meta":{"_acf_changed":false},"product_brand":[],"product_cat":[110,70,213],"product_tag":[],"class_list":{"0":"post-3932","1":"product","2":"type-product","3":"status-publish","4":"has-post-thumbnail","6":"product_cat-rotating-spice-rack","7":"product_cat-spice-racks","8":"product_cat-spice-rack-jars","10":"first","11":"instock","12":"shipping-taxable","13":"purchasable","14":"product-type-variable"},"acf":[],"_links":{"self":[{"href":"https:\/\/www.sinoglass.com\/fr\/wp-json\/wp\/v2\/product\/3932","targetHints":{"allow":["GET"]}}],"collection":[{"href":"https:\/\/www.sinoglass.com\/fr\/wp-json\/wp\/v2\/product"}],"about":[{"href":"https:\/\/www.sinoglass.com\/fr\/wp-json\/wp\/v2\/types\/product"}],"replies":[{"embeddable":true,"href":"https:\/\/www.sinoglass.com\/fr\/wp-json\/wp\/v2\/comments?post=3932"}],"wp:featuredmedia":[{"embeddable":true,"href":"https:\/\/www.sinoglass.com\/fr\/wp-json\/wp\/v2\/media\/3934"}],"wp:attachment":[{"href":"https:\/\/www.sinoglass.com\/fr\/wp-json\/wp\/v2\/media?parent=3932"}],"wp:term":[{"taxonomy":"product_brand","embeddable":true,"href":"https:\/\/www.sinoglass.com\/fr\/wp-json\/wp\/v2\/product_brand?post=3932"},{"taxonomy":"product_cat","embeddable":true,"href":"https:\/\/www.sinoglass.com\/fr\/wp-json\/wp\/v2\/product_cat?post=3932"},{"taxonomy":"product_tag","embeddable":true,"href":"https:\/\/www.sinoglass.com\/fr\/wp-json\/wp\/v2\/product_tag?post=3932"}],"curies":[{"name":"WP","href":"https:\/\/api.w.org\/{rel}","templated":true}]}}