{"id":3930,"date":"2024-03-26T14:52:12","date_gmt":"2024-03-26T06:52:12","guid":{"rendered":"https:\/\/www.sinoglass.com\/?post_type=product&#038;p=3930"},"modified":"2024-03-29T10:16:45","modified_gmt":"2024-03-29T02:16:45","slug":"spice-carousel-12-jars-rotating","status":"publish","type":"product","link":"https:\/\/www.sinoglass.com\/fr\/product\/spice-carousel-12-jars-rotating\/","title":{"rendered":"Carousel d'\u00e9pices 12 pots tournants #8712001"},"content":{"rendered":"<p>Nous nous engageons \u00e0 enrichir et \u00e0 am\u00e9liorer votre cuisine et votre exp\u00e9rience culinaire. Cette fois, nous avons con\u00e7u un couvercle unique pour les pots d\u2019\u00e9pices avec trois ouvertures diff\u00e9rentes. Il suffit de tourner le haut pour s\u00e9lectionner votre ouverture souhait\u00e9e. De plus, le couvercle dispose d'une conception inclin\u00e9e pour verser facilement la quantit\u00e9 n\u00e9cessaire d'\u00e9pices, \u00e9vitant le d\u00e9versement. Nous proposons \u00e9galement deux types de formes de bouteilles et de supports rotatifs capables de contenir 6 ou 12 bocaux d'\u00e9pices chacun.<\/p>","protected":false},"excerpt":{"rendered":"<ul>\n<li>Choisissez parmi trois ouvertures en tournant le haut.<\/li>\n<li>Le couvercle en plastique de qualit\u00e9 alimentaire a une forme unique pour obtenir la quantit\u00e9 souhait\u00e9e d'\u00e9pices.<\/li>\n<li>Choix de 6-pot ou 12-pot \u00e9tag\u00e8re rotatif pour un acc\u00e8s facile.<\/li>\n<\/ul>","protected":false},"featured_media":3925,"comment_status":"open","ping_status":"closed","template":"","meta":{"_acf_changed":false},"product_brand":[],"product_cat":[110,70,213],"product_tag":[],"class_list":{"0":"post-3930","1":"product","2":"type-product","3":"status-publish","4":"has-post-thumbnail","6":"product_cat-rotating-spice-rack","7":"product_cat-spice-racks","8":"product_cat-spice-rack-jars","10":"first","11":"instock","12":"shipping-taxable","13":"purchasable","14":"product-type-variable"},"acf":[],"_links":{"self":[{"href":"https:\/\/www.sinoglass.com\/fr\/wp-json\/wp\/v2\/product\/3930","targetHints":{"allow":["GET"]}}],"collection":[{"href":"https:\/\/www.sinoglass.com\/fr\/wp-json\/wp\/v2\/product"}],"about":[{"href":"https:\/\/www.sinoglass.com\/fr\/wp-json\/wp\/v2\/types\/product"}],"replies":[{"embeddable":true,"href":"https:\/\/www.sinoglass.com\/fr\/wp-json\/wp\/v2\/comments?post=3930"}],"wp:featuredmedia":[{"embeddable":true,"href":"https:\/\/www.sinoglass.com\/fr\/wp-json\/wp\/v2\/media\/3925"}],"wp:attachment":[{"href":"https:\/\/www.sinoglass.com\/fr\/wp-json\/wp\/v2\/media?parent=3930"}],"wp:term":[{"taxonomy":"product_brand","embeddable":true,"href":"https:\/\/www.sinoglass.com\/fr\/wp-json\/wp\/v2\/product_brand?post=3930"},{"taxonomy":"product_cat","embeddable":true,"href":"https:\/\/www.sinoglass.com\/fr\/wp-json\/wp\/v2\/product_cat?post=3930"},{"taxonomy":"product_tag","embeddable":true,"href":"https:\/\/www.sinoglass.com\/fr\/wp-json\/wp\/v2\/product_tag?post=3930"}],"curies":[{"name":"WP","href":"https:\/\/api.w.org\/{rel}","templated":true}]}}