{"id":3914,"date":"2024-03-26T14:20:51","date_gmt":"2024-03-26T06:20:51","guid":{"rendered":"https:\/\/www.sinoglass.com\/?post_type=product&#038;p=3914"},"modified":"2024-03-29T10:22:00","modified_gmt":"2024-03-29T02:22:00","slug":"two-tier-rotating-spice-rack","status":"publish","type":"product","link":"https:\/\/www.sinoglass.com\/fr\/product\/two-tier-rotating-spice-rack\/","title":{"rendered":"Rack d'\u00e9pices rotatif \u00e0 deux niveaux #79102001"},"content":{"rendered":"<p>Un tour simple, trois choix. Basique et classique, notre bouteille d'\u00e9pices EASY SPRINKLE a une forme efficace et un fonctionnement sans frills. Le porte-\u00e9pices de 12 bouteilles en option gardera tous vos favoris dans un seul endroit pratique.<\/p>","protected":false},"excerpt":{"rendered":"<ul>\n<li>Tordre le haut pour un saupoudrement ou verser.<\/li>\n<li>Con\u00e7u pour un espace compact.<\/li>\n<li>Rack \u00e0 \u00e9pices en option pour un acc\u00e8s facile.<\/li>\n<\/ul>","protected":false},"featured_media":3920,"comment_status":"open","ping_status":"closed","template":"","meta":{"_acf_changed":false},"product_brand":[],"product_cat":[110,70,213],"product_tag":[],"class_list":{"0":"post-3914","1":"product","2":"type-product","3":"status-publish","4":"has-post-thumbnail","6":"product_cat-rotating-spice-rack","7":"product_cat-spice-racks","8":"product_cat-spice-rack-jars","10":"first","11":"instock","12":"shipping-taxable","13":"purchasable","14":"product-type-variable"},"acf":[],"_links":{"self":[{"href":"https:\/\/www.sinoglass.com\/fr\/wp-json\/wp\/v2\/product\/3914","targetHints":{"allow":["GET"]}}],"collection":[{"href":"https:\/\/www.sinoglass.com\/fr\/wp-json\/wp\/v2\/product"}],"about":[{"href":"https:\/\/www.sinoglass.com\/fr\/wp-json\/wp\/v2\/types\/product"}],"replies":[{"embeddable":true,"href":"https:\/\/www.sinoglass.com\/fr\/wp-json\/wp\/v2\/comments?post=3914"}],"wp:featuredmedia":[{"embeddable":true,"href":"https:\/\/www.sinoglass.com\/fr\/wp-json\/wp\/v2\/media\/3920"}],"wp:attachment":[{"href":"https:\/\/www.sinoglass.com\/fr\/wp-json\/wp\/v2\/media?parent=3914"}],"wp:term":[{"taxonomy":"product_brand","embeddable":true,"href":"https:\/\/www.sinoglass.com\/fr\/wp-json\/wp\/v2\/product_brand?post=3914"},{"taxonomy":"product_cat","embeddable":true,"href":"https:\/\/www.sinoglass.com\/fr\/wp-json\/wp\/v2\/product_cat?post=3914"},{"taxonomy":"product_tag","embeddable":true,"href":"https:\/\/www.sinoglass.com\/fr\/wp-json\/wp\/v2\/product_tag?post=3914"}],"curies":[{"name":"WP","href":"https:\/\/api.w.org\/{rel}","templated":true}]}}