{"id":3878,"date":"2024-03-26T09:36:32","date_gmt":"2024-03-26T01:36:32","guid":{"rendered":"https:\/\/www.sinoglass.com\/?post_type=product&#038;p=3878"},"modified":"2024-03-26T15:46:57","modified_gmt":"2024-03-26T07:46:57","slug":"revolving-spice-organizer","status":"publish","type":"product","link":"https:\/\/www.sinoglass.com\/fr\/product\/revolving-spice-organizer\/","title":{"rendered":"Organisateur d'\u00e9pices tournantes #79002003"},"content":{"rendered":"<p>Le TUXEDO est notre nouveau pot d'assaisonnement \u00e0 un doigt. Le m\u00e9canisme simple d'ouverture et de fermeture \u00e0 une seule pression est robuste et \u00e9l\u00e9gant.<\/p>","protected":false},"excerpt":{"rendered":"<ul>\n<li>Op\u00e9ration simple d'un pouce.<\/li>\n<li>Le couvercle se ferme bien lorsqu'il est ferm\u00e9.<\/li>\n<li>Op\u00e9ration unique en caoutchouc \u00ab ressort \u00bb.<\/li>\n<li>Deux types d'\u00e9tag\u00e8re m\u00e9tallique avec 6 pots ou plateau rotatif avec 8 pots.<\/li>\n<\/ul>","protected":false},"featured_media":3880,"comment_status":"open","ping_status":"closed","template":"","meta":{"_acf_changed":false},"product_brand":[],"product_cat":[110,70,213],"product_tag":[],"class_list":{"0":"post-3878","1":"product","2":"type-product","3":"status-publish","4":"has-post-thumbnail","6":"product_cat-rotating-spice-rack","7":"product_cat-spice-racks","8":"product_cat-spice-rack-jars","10":"first","11":"instock","12":"shipping-taxable","13":"purchasable","14":"product-type-variable"},"acf":[],"_links":{"self":[{"href":"https:\/\/www.sinoglass.com\/fr\/wp-json\/wp\/v2\/product\/3878","targetHints":{"allow":["GET"]}}],"collection":[{"href":"https:\/\/www.sinoglass.com\/fr\/wp-json\/wp\/v2\/product"}],"about":[{"href":"https:\/\/www.sinoglass.com\/fr\/wp-json\/wp\/v2\/types\/product"}],"replies":[{"embeddable":true,"href":"https:\/\/www.sinoglass.com\/fr\/wp-json\/wp\/v2\/comments?post=3878"}],"wp:featuredmedia":[{"embeddable":true,"href":"https:\/\/www.sinoglass.com\/fr\/wp-json\/wp\/v2\/media\/3880"}],"wp:attachment":[{"href":"https:\/\/www.sinoglass.com\/fr\/wp-json\/wp\/v2\/media?parent=3878"}],"wp:term":[{"taxonomy":"product_brand","embeddable":true,"href":"https:\/\/www.sinoglass.com\/fr\/wp-json\/wp\/v2\/product_brand?post=3878"},{"taxonomy":"product_cat","embeddable":true,"href":"https:\/\/www.sinoglass.com\/fr\/wp-json\/wp\/v2\/product_cat?post=3878"},{"taxonomy":"product_tag","embeddable":true,"href":"https:\/\/www.sinoglass.com\/fr\/wp-json\/wp\/v2\/product_tag?post=3878"}],"curies":[{"name":"WP","href":"https:\/\/api.w.org\/{rel}","templated":true}]}}