{"id":3849,"date":"2024-03-22T17:06:52","date_gmt":"2024-03-22T09:06:52","guid":{"rendered":"https:\/\/www.sinoglass.com\/?post_type=product&#038;p=3849"},"modified":"2024-03-26T16:02:50","modified_gmt":"2024-03-26T08:02:50","slug":"revolving-countertop-spice-rack","status":"publish","type":"product","link":"https:\/\/www.sinoglass.com\/fr\/product\/revolving-countertop-spice-rack\/","title":{"rendered":"Rack d'\u00e9pices de comptoir tournant #89351002"},"content":{"rendered":"<p>Alliant esth\u00e9tique et praticit\u00e9, nos pots d'\u00e9pices disposent d'un couvercle en forme de p\u00e9tale de rose avec trois ouvertures pour diff\u00e9rents assaisonnements et sc\u00e9narios d'utilisation. Associ\u00e9 \u00e0 une bague d\u00e9corative en acier inoxydable, il d\u00e9gage un look premium et \u00e9l\u00e9gant.<\/p>","protected":false},"excerpt":{"rendered":"<ul>\n<li>L'acier inoxydable et le verre ajoutent du style \u00e0 votre table.<\/li>\n<li>Op\u00e9ration facile \u00e0 tordre pour choisir 3 tailles d'ouverture.<\/li>\n<li>Le couvercle inspir\u00e9 de p\u00e9tales de rose vous permet d'obtenir la quantit\u00e9 souhait\u00e9e d'\u00e9pices.<\/li>\n<li>Un \u00e9tag\u00e8re de conception unique peut contenir 6 bocaux pour un transport pratique.<\/li>\n<\/ul>","protected":false},"featured_media":3591,"comment_status":"open","ping_status":"closed","template":"","meta":{"_acf_changed":false},"product_brand":[],"product_cat":[110,70,213],"product_tag":[],"class_list":{"0":"post-3849","1":"product","2":"type-product","3":"status-publish","4":"has-post-thumbnail","6":"product_cat-rotating-spice-rack","7":"product_cat-spice-racks","8":"product_cat-spice-rack-jars","10":"first","11":"instock","12":"shipping-taxable","13":"purchasable","14":"product-type-variable"},"acf":[],"_links":{"self":[{"href":"https:\/\/www.sinoglass.com\/fr\/wp-json\/wp\/v2\/product\/3849","targetHints":{"allow":["GET"]}}],"collection":[{"href":"https:\/\/www.sinoglass.com\/fr\/wp-json\/wp\/v2\/product"}],"about":[{"href":"https:\/\/www.sinoglass.com\/fr\/wp-json\/wp\/v2\/types\/product"}],"replies":[{"embeddable":true,"href":"https:\/\/www.sinoglass.com\/fr\/wp-json\/wp\/v2\/comments?post=3849"}],"wp:featuredmedia":[{"embeddable":true,"href":"https:\/\/www.sinoglass.com\/fr\/wp-json\/wp\/v2\/media\/3591"}],"wp:attachment":[{"href":"https:\/\/www.sinoglass.com\/fr\/wp-json\/wp\/v2\/media?parent=3849"}],"wp:term":[{"taxonomy":"product_brand","embeddable":true,"href":"https:\/\/www.sinoglass.com\/fr\/wp-json\/wp\/v2\/product_brand?post=3849"},{"taxonomy":"product_cat","embeddable":true,"href":"https:\/\/www.sinoglass.com\/fr\/wp-json\/wp\/v2\/product_cat?post=3849"},{"taxonomy":"product_tag","embeddable":true,"href":"https:\/\/www.sinoglass.com\/fr\/wp-json\/wp\/v2\/product_tag?post=3849"}],"curies":[{"name":"WP","href":"https:\/\/api.w.org\/{rel}","templated":true}]}}