{"id":3847,"date":"2024-03-22T17:01:34","date_gmt":"2024-03-22T09:01:34","guid":{"rendered":"https:\/\/www.sinoglass.com\/?post_type=product&#038;p=3847"},"modified":"2024-03-26T16:03:26","modified_gmt":"2024-03-26T08:03:26","slug":"2-tier-rotating-spice-rack","status":"publish","type":"product","link":"https:\/\/www.sinoglass.com\/fr\/product\/2-tier-rotating-spice-rack\/","title":{"rendered":"Rack d'\u00e9pices rotatif \u00e0 2 niveaux #78782001"},"content":{"rendered":"<p>Nos nouveaux pots d'\u00e9pices offrent un choix en un seul coup d'eau, saupoudrer ou verser. Le FLICK 6 est livr\u00e9 avec son propre porte-\u00e9pices rotatif \u00e0 6 bocaux, assez \u00e9l\u00e9gant pour votre cuisine ou votre table. Le FLICK 12 tourne \u00e9galement, mais tient 12 bocaux.<\/p>","protected":false},"excerpt":{"rendered":"<ul>\n<li>Choix en un seul coup pour un saupoudrement ou un versement.<\/li>\n<li>Design conique \u00e9l\u00e9gant pour une prise en main facile.<\/li>\n<li>Choix de 6-pot ou 12-pot \u00e9tag\u00e8re rotatif.<\/li>\n<\/ul>","protected":false},"featured_media":3565,"comment_status":"open","ping_status":"closed","template":"","meta":{"_acf_changed":false},"product_brand":[],"product_cat":[110,70,213],"product_tag":[],"class_list":{"0":"post-3847","1":"product","2":"type-product","3":"status-publish","4":"has-post-thumbnail","6":"product_cat-rotating-spice-rack","7":"product_cat-spice-racks","8":"product_cat-spice-rack-jars","10":"first","11":"instock","12":"shipping-taxable","13":"purchasable","14":"product-type-variable"},"acf":[],"_links":{"self":[{"href":"https:\/\/www.sinoglass.com\/fr\/wp-json\/wp\/v2\/product\/3847","targetHints":{"allow":["GET"]}}],"collection":[{"href":"https:\/\/www.sinoglass.com\/fr\/wp-json\/wp\/v2\/product"}],"about":[{"href":"https:\/\/www.sinoglass.com\/fr\/wp-json\/wp\/v2\/types\/product"}],"replies":[{"embeddable":true,"href":"https:\/\/www.sinoglass.com\/fr\/wp-json\/wp\/v2\/comments?post=3847"}],"wp:featuredmedia":[{"embeddable":true,"href":"https:\/\/www.sinoglass.com\/fr\/wp-json\/wp\/v2\/media\/3565"}],"wp:attachment":[{"href":"https:\/\/www.sinoglass.com\/fr\/wp-json\/wp\/v2\/media?parent=3847"}],"wp:term":[{"taxonomy":"product_brand","embeddable":true,"href":"https:\/\/www.sinoglass.com\/fr\/wp-json\/wp\/v2\/product_brand?post=3847"},{"taxonomy":"product_cat","embeddable":true,"href":"https:\/\/www.sinoglass.com\/fr\/wp-json\/wp\/v2\/product_cat?post=3847"},{"taxonomy":"product_tag","embeddable":true,"href":"https:\/\/www.sinoglass.com\/fr\/wp-json\/wp\/v2\/product_tag?post=3847"}],"curies":[{"name":"WP","href":"https:\/\/api.w.org\/{rel}","templated":true}]}}