{"id":3831,"date":"2024-03-22T16:35:42","date_gmt":"2024-03-22T08:35:42","guid":{"rendered":"https:\/\/www.sinoglass.com\/?post_type=product&#038;p=3831"},"modified":"2024-03-22T16:44:08","modified_gmt":"2024-03-22T08:44:08","slug":"2-tier-lazy-susan-spice-rack","status":"publish","type":"product","link":"https:\/\/www.sinoglass.com\/fr\/product\/2-tier-lazy-susan-spice-rack\/","title":{"rendered":"Rack d'\u00e9pices Susan paresseuse \u00e0 2 niveaux #79232004"},"content":{"rendered":"<p>Ce pot d'\u00e9pices sp\u00e9cial et amusant est livr\u00e9 en un ensemble de 6,12 ou 16 avec un \u00e9tag\u00e8re sp\u00e9cial. La forme conique est un style populaire et \u00e9l\u00e9gant. Dans l'\u00e9tag\u00e8re, vous pouvez regarder \u00e0 travers le couvercle d'agrandissement pour voir les \u00e9pices. Tournez le couvercle pour choisir parmi trois tailles d'ouvertures.<\/p>","protected":false},"excerpt":{"rendered":"<ul>\n<li>Couverture d'agrandissement sp\u00e9ciale pour une visualisation pratique.<\/li>\n<li>Tordez le haut transparent pour choisir parmi trois ouvertures.<\/li>\n<li>Bouteilles en verre coniques \u00e9l\u00e9gantes.<\/li>\n<li>Rack \u00e0 \u00e9pices pour un stockage et un affichage pratiques.<\/li>\n<\/ul>","protected":false},"featured_media":3581,"comment_status":"open","ping_status":"closed","template":"","meta":{"_acf_changed":false},"product_brand":[],"product_cat":[110,70,213],"product_tag":[],"class_list":{"0":"post-3831","1":"product","2":"type-product","3":"status-publish","4":"has-post-thumbnail","6":"product_cat-rotating-spice-rack","7":"product_cat-spice-racks","8":"product_cat-spice-rack-jars","10":"first","11":"instock","12":"shipping-taxable","13":"purchasable","14":"product-type-variable"},"acf":[],"_links":{"self":[{"href":"https:\/\/www.sinoglass.com\/fr\/wp-json\/wp\/v2\/product\/3831","targetHints":{"allow":["GET"]}}],"collection":[{"href":"https:\/\/www.sinoglass.com\/fr\/wp-json\/wp\/v2\/product"}],"about":[{"href":"https:\/\/www.sinoglass.com\/fr\/wp-json\/wp\/v2\/types\/product"}],"replies":[{"embeddable":true,"href":"https:\/\/www.sinoglass.com\/fr\/wp-json\/wp\/v2\/comments?post=3831"}],"wp:featuredmedia":[{"embeddable":true,"href":"https:\/\/www.sinoglass.com\/fr\/wp-json\/wp\/v2\/media\/3581"}],"wp:attachment":[{"href":"https:\/\/www.sinoglass.com\/fr\/wp-json\/wp\/v2\/media?parent=3831"}],"wp:term":[{"taxonomy":"product_brand","embeddable":true,"href":"https:\/\/www.sinoglass.com\/fr\/wp-json\/wp\/v2\/product_brand?post=3831"},{"taxonomy":"product_cat","embeddable":true,"href":"https:\/\/www.sinoglass.com\/fr\/wp-json\/wp\/v2\/product_cat?post=3831"},{"taxonomy":"product_tag","embeddable":true,"href":"https:\/\/www.sinoglass.com\/fr\/wp-json\/wp\/v2\/product_tag?post=3831"}],"curies":[{"name":"WP","href":"https:\/\/api.w.org\/{rel}","templated":true}]}}