{"id":3823,"date":"2024-03-22T15:51:24","date_gmt":"2024-03-22T07:51:24","guid":{"rendered":"https:\/\/www.sinoglass.com\/?post_type=product&#038;p=3823"},"modified":"2024-03-26T16:06:19","modified_gmt":"2024-03-26T08:06:19","slug":"revolving-spice-rack-with-spices","status":"publish","type":"product","link":"https:\/\/www.sinoglass.com\/fr\/product\/revolving-spice-rack-with-spices\/","title":{"rendered":"Rack d'\u00e9pices tournant avec \u00e9pices #78802002"},"content":{"rendered":"<p>La combinaison d'une bouteille courbe avec un haut flexible amusant donne une sensation d\u00e9contract\u00e9e au FLEX. Un c\u00f4t\u00e9 verse, l'autre c\u00f4t\u00e9 asperge. Qu'est-ce qui pourrait \u00eatre plus simple ?<\/p>","protected":false},"excerpt":{"rendered":"<ul>\n<li>Forme courbe et confortable.<\/li>\n<li>Choix en un seul coup pour un saupoudrement ou un versement.<\/li>\n<li>Choix de 6-pot ou 12-pot tournant rack, et 16-pot robuste rack.<\/li>\n<\/ul>","protected":false},"featured_media":3569,"comment_status":"open","ping_status":"closed","template":"","meta":{"_acf_changed":false},"product_brand":[],"product_cat":[110,70,213],"product_tag":[],"class_list":{"0":"post-3823","1":"product","2":"type-product","3":"status-publish","4":"has-post-thumbnail","6":"product_cat-rotating-spice-rack","7":"product_cat-spice-racks","8":"product_cat-spice-rack-jars","10":"first","11":"instock","12":"shipping-taxable","13":"purchasable","14":"product-type-variable"},"acf":[],"_links":{"self":[{"href":"https:\/\/www.sinoglass.com\/fr\/wp-json\/wp\/v2\/product\/3823","targetHints":{"allow":["GET"]}}],"collection":[{"href":"https:\/\/www.sinoglass.com\/fr\/wp-json\/wp\/v2\/product"}],"about":[{"href":"https:\/\/www.sinoglass.com\/fr\/wp-json\/wp\/v2\/types\/product"}],"replies":[{"embeddable":true,"href":"https:\/\/www.sinoglass.com\/fr\/wp-json\/wp\/v2\/comments?post=3823"}],"wp:featuredmedia":[{"embeddable":true,"href":"https:\/\/www.sinoglass.com\/fr\/wp-json\/wp\/v2\/media\/3569"}],"wp:attachment":[{"href":"https:\/\/www.sinoglass.com\/fr\/wp-json\/wp\/v2\/media?parent=3823"}],"wp:term":[{"taxonomy":"product_brand","embeddable":true,"href":"https:\/\/www.sinoglass.com\/fr\/wp-json\/wp\/v2\/product_brand?post=3823"},{"taxonomy":"product_cat","embeddable":true,"href":"https:\/\/www.sinoglass.com\/fr\/wp-json\/wp\/v2\/product_cat?post=3823"},{"taxonomy":"product_tag","embeddable":true,"href":"https:\/\/www.sinoglass.com\/fr\/wp-json\/wp\/v2\/product_tag?post=3823"}],"curies":[{"name":"WP","href":"https:\/\/api.w.org\/{rel}","templated":true}]}}