{"id":3527,"date":"2024-03-07T15:44:12","date_gmt":"2024-03-07T07:44:12","guid":{"rendered":"http:\/\/www.sinoglass.com\/?post_type=product&#038;p=3527"},"modified":"2025-04-21T13:52:15","modified_gmt":"2025-04-21T05:52:15","slug":"revolving-spice-rack-set","status":"publish","type":"product","link":"https:\/\/www.sinoglass.com\/fr\/product\/revolving-spice-rack-set\/","title":{"rendered":"Ensemble de rack d'\u00e9pices tournant #79342003"},"content":{"rendered":"<p>Certains vous aspergez, d'autres vous versez. 2-TAB est un pot d'\u00e9pices carr\u00e9 qui vous donne le choix. Renversez le c\u00f4t\u00e9 dont vous avez besoin et il restera ouvert jusqu'\u00e0 ce que vous&#8217; re fait. Le noir et l'argent attrayants compl\u00e8teront tout d\u00e9cor. Choisissez un \u00e9tag\u00e8re pour 2, 4, 8 ou 12, et gardez tout ce dont vous avez besoin dans un seul endroit pratique.<\/p>","protected":false},"excerpt":{"rendered":"<ul>\n<li>Forme carr\u00e9e classique.<\/li>\n<li>Un c\u00f4t\u00e9 verse, l'autre c\u00f4t\u00e9 asperge.<\/li>\n<li>4 combinaisons de rack.<\/li>\n<\/ul>","protected":false},"featured_media":3544,"comment_status":"open","ping_status":"closed","template":"","meta":{"_acf_changed":false},"product_brand":[],"product_cat":[110,70,213],"product_tag":[],"class_list":{"0":"post-3527","1":"product","2":"type-product","3":"status-publish","4":"has-post-thumbnail","6":"product_cat-rotating-spice-rack","7":"product_cat-spice-racks","8":"product_cat-spice-rack-jars","10":"first","11":"instock","12":"shipping-taxable","13":"purchasable","14":"product-type-variable"},"acf":[],"_links":{"self":[{"href":"https:\/\/www.sinoglass.com\/fr\/wp-json\/wp\/v2\/product\/3527","targetHints":{"allow":["GET"]}}],"collection":[{"href":"https:\/\/www.sinoglass.com\/fr\/wp-json\/wp\/v2\/product"}],"about":[{"href":"https:\/\/www.sinoglass.com\/fr\/wp-json\/wp\/v2\/types\/product"}],"replies":[{"embeddable":true,"href":"https:\/\/www.sinoglass.com\/fr\/wp-json\/wp\/v2\/comments?post=3527"}],"wp:featuredmedia":[{"embeddable":true,"href":"https:\/\/www.sinoglass.com\/fr\/wp-json\/wp\/v2\/media\/3544"}],"wp:attachment":[{"href":"https:\/\/www.sinoglass.com\/fr\/wp-json\/wp\/v2\/media?parent=3527"}],"wp:term":[{"taxonomy":"product_brand","embeddable":true,"href":"https:\/\/www.sinoglass.com\/fr\/wp-json\/wp\/v2\/product_brand?post=3527"},{"taxonomy":"product_cat","embeddable":true,"href":"https:\/\/www.sinoglass.com\/fr\/wp-json\/wp\/v2\/product_cat?post=3527"},{"taxonomy":"product_tag","embeddable":true,"href":"https:\/\/www.sinoglass.com\/fr\/wp-json\/wp\/v2\/product_tag?post=3527"}],"curies":[{"name":"WP","href":"https:\/\/api.w.org\/{rel}","templated":true}]}}