{"id":3501,"date":"2024-03-07T13:31:37","date_gmt":"2024-03-07T05:31:37","guid":{"rendered":"http:\/\/www.sinoglass.com\/?post_type=product&#038;p=3501"},"modified":"2024-11-22T16:40:12","modified_gmt":"2024-11-22T08:40:12","slug":"stainless-steel-pepper-mill","status":"publish","type":"product","link":"https:\/\/www.sinoglass.com\/fr\/product\/stainless-steel-pepper-mill\/","title":{"rendered":"Moulin \u00e0 poivre en acier inoxydable #8971A01201"},"content":{"rendered":"<p>Le moulin STARBURST confortable permet d'ajouter facilement vos assaisonnements pr\u00e9f\u00e9r\u00e9s. Un m\u00e9canisme en c\u00e9ramique de haute qualit\u00e9 dans un bo\u00eetier robuste vous permet d'ajuster le broyage de fin \u00e0 grossier. Le bouton de r\u00e9glage est particuli\u00e8rement facile \u00e0 utiliser en raison d'une bague en caoutchouc, facile \u00e0 gripper, blanc pour le sel, noir pour le poivre.<\/p>","protected":false},"excerpt":{"rendered":"<ul>\n<li>Top \u00e9tanche et omnidirectionnel.<\/li>\n<li>Les perles de glace ou le filtre de brassage sont facilement attach\u00e9s.<\/li>\n<li>Simplified Smart Base\u00ae maintient votre table s\u00e8che.<\/li>\n<li>Capacit\u00e9 du filtre: 50g.<\/li>\n<\/ul>","protected":false},"featured_media":3509,"comment_status":"open","ping_status":"closed","template":"","meta":{"_acf_changed":false},"product_brand":[],"product_cat":[71,113],"product_tag":[],"class_list":{"0":"post-3501","1":"product","2":"type-product","3":"status-publish","4":"has-post-thumbnail","6":"product_cat-mills-grinders","7":"product_cat-stainless-steel-mill","9":"first","10":"instock","11":"shipping-taxable","12":"purchasable","13":"product-type-variable"},"acf":[],"_links":{"self":[{"href":"https:\/\/www.sinoglass.com\/fr\/wp-json\/wp\/v2\/product\/3501","targetHints":{"allow":["GET"]}}],"collection":[{"href":"https:\/\/www.sinoglass.com\/fr\/wp-json\/wp\/v2\/product"}],"about":[{"href":"https:\/\/www.sinoglass.com\/fr\/wp-json\/wp\/v2\/types\/product"}],"replies":[{"embeddable":true,"href":"https:\/\/www.sinoglass.com\/fr\/wp-json\/wp\/v2\/comments?post=3501"}],"wp:featuredmedia":[{"embeddable":true,"href":"https:\/\/www.sinoglass.com\/fr\/wp-json\/wp\/v2\/media\/3509"}],"wp:attachment":[{"href":"https:\/\/www.sinoglass.com\/fr\/wp-json\/wp\/v2\/media?parent=3501"}],"wp:term":[{"taxonomy":"product_brand","embeddable":true,"href":"https:\/\/www.sinoglass.com\/fr\/wp-json\/wp\/v2\/product_brand?post=3501"},{"taxonomy":"product_cat","embeddable":true,"href":"https:\/\/www.sinoglass.com\/fr\/wp-json\/wp\/v2\/product_cat?post=3501"},{"taxonomy":"product_tag","embeddable":true,"href":"https:\/\/www.sinoglass.com\/fr\/wp-json\/wp\/v2\/product_tag?post=3501"}],"curies":[{"name":"WP","href":"https:\/\/api.w.org\/{rel}","templated":true}]}}