{"id":3489,"date":"2024-03-07T10:20:10","date_gmt":"2024-03-07T02:20:10","guid":{"rendered":"http:\/\/www.sinoglass.com\/?post_type=product&#038;p=3489"},"modified":"2026-04-29T13:46:04","modified_gmt":"2026-04-29T05:46:04","slug":"cold-brew-coffee-maker","status":"publish","type":"product","link":"https:\/\/www.sinoglass.com\/fr\/product\/cold-brew-coffee-maker\/","title":{"rendered":"Cafeti\u00e8re \u00e0 bi\u00e8re froide #61782001"},"content":{"rendered":"<p>Notre nouvelle carafe de service TOUT-EN-UN a tellement de fonctionnalit\u00e9s que nous ne savons pas par o\u00f9 commencer. Alors commen\u00e7ons par le haut. Tirez sur la poign\u00e9e en forme de cube, et la bouteille se d\u00e9scelle. Vous pouvez verser de n'importe quelle direction. Poussez le cube vers le bas et la bouteille ne fuira pas. Si vous voulez une boisson refroidie rapidement, ajoutez les perles de glace. Vous aimez le caf\u00e9 \u00e0 froid ? Utilisez le filtre de brassage, et le lendemain matin vous aurez une boisson d\u00e9licieuse.<\/p>","protected":false},"excerpt":{"rendered":"<ul>\n<li>Top \u00e9tanche et omnidirectionnel.<\/li>\n<li>Les perles de glace ou le filtre de brassage sont facilement attach\u00e9s.<\/li>\n<li>Capacit\u00e9 du filtre: 50g.<\/li>\n<\/ul>","protected":false},"featured_media":10267,"comment_status":"open","ping_status":"closed","template":"","meta":{"_acf_changed":false},"product_brand":[279],"product_cat":[72,114,119],"product_tag":[],"class_list":{"0":"post-3489","1":"product","2":"type-product","3":"status-publish","4":"has-post-thumbnail","6":"product_brand-sinoglass","7":"product_cat-carafe-pitcher","8":"product_cat-cold-brew-coffee-maker","9":"product_cat-glass-water-jug","11":"first","12":"instock","13":"shipping-taxable","14":"purchasable","15":"product-type-variable"},"acf":[],"_links":{"self":[{"href":"https:\/\/www.sinoglass.com\/fr\/wp-json\/wp\/v2\/product\/3489","targetHints":{"allow":["GET"]}}],"collection":[{"href":"https:\/\/www.sinoglass.com\/fr\/wp-json\/wp\/v2\/product"}],"about":[{"href":"https:\/\/www.sinoglass.com\/fr\/wp-json\/wp\/v2\/types\/product"}],"replies":[{"embeddable":true,"href":"https:\/\/www.sinoglass.com\/fr\/wp-json\/wp\/v2\/comments?post=3489"}],"wp:featuredmedia":[{"embeddable":true,"href":"https:\/\/www.sinoglass.com\/fr\/wp-json\/wp\/v2\/media\/10267"}],"wp:attachment":[{"href":"https:\/\/www.sinoglass.com\/fr\/wp-json\/wp\/v2\/media?parent=3489"}],"wp:term":[{"taxonomy":"product_brand","embeddable":true,"href":"https:\/\/www.sinoglass.com\/fr\/wp-json\/wp\/v2\/product_brand?post=3489"},{"taxonomy":"product_cat","embeddable":true,"href":"https:\/\/www.sinoglass.com\/fr\/wp-json\/wp\/v2\/product_cat?post=3489"},{"taxonomy":"product_tag","embeddable":true,"href":"https:\/\/www.sinoglass.com\/fr\/wp-json\/wp\/v2\/product_tag?post=3489"}],"curies":[{"name":"WP","href":"https:\/\/api.w.org\/{rel}","templated":true}]}}